{"id":7436,"date":"2026-03-16T16:50:18","date_gmt":"2026-03-16T15:50:18","guid":{"rendered":"https:\/\/www.campingvalvertenberry.com\/restaurant-la-chatre\/"},"modified":"2026-03-30T14:00:56","modified_gmt":"2026-03-30T12:00:56","slug":"en-snackrestaurant-la-chatre","status":"publish","type":"page","link":"https:\/\/www.campingvalvertenberry.com\/nl\/en-snackrestaurant-la-chatre\/","title":{"rendered":"Het restaurant"},"content":{"rendered":"\n<div class=\"wp-block-group section-6 has-custom-color-3-background-color has-background has-global-padding is-layout-constrained wp-container-core-group-is-layout-20238047 wp-block-group-is-layout-constrained\" style=\"margin-top:0px;margin-bottom:0px;padding-top:8rem;padding-right:15rem;padding-bottom:8rem;padding-left:15rem\">\n<div class=\"wp-block-group gt-reverse-mobile is-nowrap is-layout-flex wp-container-core-group-is-layout-90b6bdf5 wp-block-group-is-layout-flex\">\n<div class=\"wp-block-group has-global-padding is-layout-constrained wp-container-core-group-is-layout-7c250ea7 wp-block-group-is-layout-constrained\" style=\"margin-top:0px;margin-bottom:0px;padding-top:0;padding-right:0px;padding-bottom:0;padding-left:0px\">\n<figure class=\"wp-block-image size-large icon-pagination-active\"><img decoding=\"async\" width=\"21\" height=\"18\" src=\"https:\/\/www.campingvalvertenberry.com\/wp-content\/uploads\/2025\/12\/icon-fleur-jaune-pagination.svg\" alt=\"pictogram gele bloem paginering\" class=\"wp-image-135\"\/><\/figure>\n\n\n\n<div class=\"wp-block-group arrow-slider-prev has-border-color has-global-padding is-layout-constrained wp-container-core-group-is-layout-97a11e02 wp-block-group-is-layout-constrained\" style=\"border-color:#ffffff;border-width:1px;border-top-left-radius:100px;border-bottom-left-radius:100px;margin-top:0px;margin-bottom:0px;padding-top:20px;padding-right:10px;padding-bottom:20px;padding-left:10px\">\n<figure class=\"wp-block-image size-large\"><img decoding=\"async\" width=\"41\" height=\"10\" src=\"https:\/\/www.campingvalvertenberry.com\/wp-content\/uploads\/2025\/12\/arrow-slider-prev-blanc.svg\" alt=\"pijl schuifregelaar voor wit\" class=\"wp-image-117\"\/><\/figure>\n<\/div>\n\n\n\n<div class=\"wp-block-group arrow-slider-next has-border-color has-global-padding is-layout-constrained wp-container-core-group-is-layout-97a11e02 wp-block-group-is-layout-constrained\" style=\"border-color:#ffffff;border-width:1px;border-top-right-radius:100px;border-bottom-right-radius:100px;margin-top:0px;margin-bottom:0px;padding-top:20px;padding-right:10px;padding-bottom:20px;padding-left:10px\">\n<figure class=\"wp-block-image size-large\"><img decoding=\"async\" width=\"41\" height=\"10\" src=\"https:\/\/www.campingvalvertenberry.com\/wp-content\/uploads\/2025\/12\/arrow-slider-next-blanc.svg\" alt=\"pijl schuifbalk volgende wit\" class=\"wp-image-119\"\/><\/figure>\n<\/div>\n\n\n\n<div data-swiper=\"{&quot;speed&quot;:400,&quot;spaceBetween&quot;:0,&quot;slidesPerView&quot;:1,&quot;createElements&quot;:true,&quot;loop&quot;:true,&quot;freemode&quot;:true,&quot;navigation&quot;:{&quot;nextEl&quot;:&quot;.section-6 .arrow-slider-next&quot;,&quot;prevEl&quot;:&quot;.section-6 .arrow-slider-prev&quot;},&quot;pagination&quot;:{&quot;el&quot;:&quot;.swiper-pagination&quot;,&quot;dynamicBullets&quot;:true},&quot;breakpoints&quot;:[{&quot;slidesPerView&quot;:1}],&quot;autoplay&quot;:true}\" class=\"wp-block-group gt-is-slider gt-is-slider-desktop has-global-padding is-layout-constrained wp-container-core-group-is-layout-162f2a30 wp-block-group-is-layout-constrained\" style=\"margin-top:0px;margin-bottom:0px\">\n<div class=\"wp-block-group has-global-padding is-layout-constrained wp-container-core-group-is-layout-d6554d75 wp-block-group-is-layout-constrained\" style=\"margin-top:0px;margin-bottom:0px\">\n<div class=\"wp-block-cover is-light\" style=\"border-top-left-radius:10px;border-top-right-radius:10px;border-bottom-left-radius:10px;border-bottom-right-radius:10px\"><img decoding=\"async\" width=\"831\" height=\"569\" class=\"wp-block-cover__image-background wp-image-6910 size-full\" alt=\"camping avec restairant dans le berry ()\" src=\"https:\/\/www.campingvalvertenberry.com\/wp-content\/uploads\/2026\/03\/camping-avec-restairant-dans-le-berry-1.jpg\" data-object-fit=\"cover\" srcset=\"https:\/\/www.campingvalvertenberry.com\/wp-content\/uploads\/2026\/03\/camping-avec-restairant-dans-le-berry-1.jpg 831w, https:\/\/www.campingvalvertenberry.com\/wp-content\/uploads\/2026\/03\/camping-avec-restairant-dans-le-berry-1-300x205.jpg 300w, https:\/\/www.campingvalvertenberry.com\/wp-content\/uploads\/2026\/03\/camping-avec-restairant-dans-le-berry-1-768x526.jpg 768w\" sizes=\"(max-width: 831px) 100vw, 831px\" \/><span aria-hidden=\"true\" class=\"wp-block-cover__background has-background-dim-0 has-background-dim\"><\/span><div class=\"wp-block-cover__inner-container has-global-padding is-layout-constrained wp-block-cover-is-layout-constrained\">\n<p class=\"has-text-align-center has-large-font-size\"><\/p>\n<\/div><\/div>\n<\/div>\n\n\n\n<div class=\"wp-block-group has-global-padding is-layout-constrained wp-container-core-group-is-layout-d6554d75 wp-block-group-is-layout-constrained\" style=\"margin-top:0px;margin-bottom:0px\">\n<div class=\"wp-block-cover is-light\" style=\"border-top-left-radius:10px;border-top-right-radius:10px;border-bottom-left-radius:10px;border-bottom-right-radius:10px\"><img decoding=\"async\" width=\"1920\" height=\"500\" class=\"wp-block-cover__image-background wp-image-6877 size-full\" alt=\"specialit\u00e9 culinaire berry\" src=\"https:\/\/www.campingvalvertenberry.com\/wp-content\/uploads\/2026\/03\/specialite-culinaire-berry.jpg\" data-object-fit=\"cover\" srcset=\"https:\/\/www.campingvalvertenberry.com\/wp-content\/uploads\/2026\/03\/specialite-culinaire-berry.jpg 1920w, https:\/\/www.campingvalvertenberry.com\/wp-content\/uploads\/2026\/03\/specialite-culinaire-berry-300x78.jpg 300w, https:\/\/www.campingvalvertenberry.com\/wp-content\/uploads\/2026\/03\/specialite-culinaire-berry-1024x267.jpg 1024w, https:\/\/www.campingvalvertenberry.com\/wp-content\/uploads\/2026\/03\/specialite-culinaire-berry-768x200.jpg 768w, https:\/\/www.campingvalvertenberry.com\/wp-content\/uploads\/2026\/03\/specialite-culinaire-berry-1536x400.jpg 1536w\" sizes=\"(max-width: 1920px) 100vw, 1920px\" \/><span aria-hidden=\"true\" class=\"wp-block-cover__background has-background-dim-0 has-background-dim\"><\/span><div class=\"wp-block-cover__inner-container has-global-padding is-layout-constrained wp-block-cover-is-layout-constrained\">\n<p class=\"has-text-align-center has-large-font-size\"><\/p>\n<\/div><\/div>\n<\/div>\n\n\n\n<div class=\"wp-block-group has-global-padding is-layout-constrained wp-container-core-group-is-layout-d6554d75 wp-block-group-is-layout-constrained\" style=\"margin-top:0px;margin-bottom:0px\">\n<div class=\"wp-block-cover is-light\" style=\"border-top-left-radius:10px;border-top-right-radius:10px;border-bottom-left-radius:10px;border-bottom-right-radius:10px\"><img decoding=\"async\" width=\"831\" height=\"569\" class=\"wp-block-cover__image-background wp-image-6913 size-full\" alt=\"camping avec restaurant pr\u00e8s de chateauroux\" src=\"https:\/\/www.campingvalvertenberry.com\/wp-content\/uploads\/2026\/03\/camping-avec-restairant-pres-de-chateauroux.jpg\" data-object-fit=\"cover\" srcset=\"https:\/\/www.campingvalvertenberry.com\/wp-content\/uploads\/2026\/03\/camping-avec-restairant-pres-de-chateauroux.jpg 831w, https:\/\/www.campingvalvertenberry.com\/wp-content\/uploads\/2026\/03\/camping-avec-restairant-pres-de-chateauroux-300x205.jpg 300w, https:\/\/www.campingvalvertenberry.com\/wp-content\/uploads\/2026\/03\/camping-avec-restairant-pres-de-chateauroux-768x526.jpg 768w\" sizes=\"(max-width: 831px) 100vw, 831px\" \/><span aria-hidden=\"true\" class=\"wp-block-cover__background has-background-dim-0 has-background-dim\"><\/span><div class=\"wp-block-cover__inner-container has-global-padding is-layout-constrained wp-block-cover-is-layout-constrained\">\n<p class=\"has-text-align-center has-large-font-size\"><\/p>\n<\/div><\/div>\n<\/div>\n<\/div>\n<\/div>\n\n\n\n<div class=\"wp-block-group gt-reverse-mobile is-vertical is-layout-flex wp-container-core-group-is-layout-7857e36c wp-block-group-is-layout-flex\" style=\"padding-right:0px;padding-left:0px\">\n<div class=\"wp-block-group texte-deco has-global-padding is-content-justification-left is-layout-constrained wp-container-core-group-is-layout-d6fb7615 wp-block-group-is-layout-constrained\" style=\"margin-top:0px;margin-bottom:0px;padding-right:0px;padding-left:0px\">\n<p class=\"has-custom-color-1-color has-text-color has-link-color has-unbounded-font-family wp-elements-763ff5051ae58913058649101d43725e\" style=\"font-size:clamp(1.976rem, 1.976rem + ((1vw - 0.2rem) * 2.54), 3.5rem);font-style:normal;font-weight:700;line-height:1\">Een maaltijdpauze  <\/p>\n\n\n\n<p class=\"has-text-align-left has-custom-color-1-color has-text-color has-link-color has-caveat-font-family wp-elements-7bc9fcaeda574075a2b17aa51e8ecca9\" style=\"margin-top:0px;margin-bottom:0px;font-size:clamp(2.758rem, 2.758rem + ((1vw - 0.2rem) * 4.253), 5.31rem);font-style:normal;font-weight:500;line-height:0.7\">welverdiend<\/p>\n<\/div>\n\n\n\n<div class=\"wp-block-group content has-base-2-background-color has-background has-global-padding is-layout-constrained wp-container-core-group-is-layout-69f271cb wp-block-group-is-layout-constrained\" style=\"border-top-left-radius:10px;border-top-right-radius:10px;border-bottom-left-radius:10px;border-bottom-right-radius:10px;margin-top:0px;margin-bottom:0px;padding-top:40px;padding-right:40px;padding-bottom:40px;padding-left:40px\">\n<h1 class=\"wp-block-heading has-custom-color-1-color has-text-color has-link-color wp-elements-68035bc317402a74e58b603a11f08f88\">Restaurant &#8220;Le Val Verre&#8221; in La Ch\u00e2tre<\/h1>\n\n\n\n<p class=\"has-custom-color-1-color has-text-color\">Een maaltijd bereiden, zelfs op vakantie, kan een heel gedoe zijn. Schuif dus met je voeten onder tafel en geniet van ons menu <strong> <\/strong>?<\/p>\n<\/div>\n<\/div>\n<\/div>\n<\/div>\n\n<div class=\"wp-block-group section-4 has-global-padding is-layout-constrained wp-container-core-group-is-layout-07b29094 wp-block-group-is-layout-constrained\" style=\"margin-top:0px;margin-bottom:0px;padding-right:0px;padding-left:0px\">\n<div class=\"wp-block-group banner has-global-padding is-layout-constrained wp-container-core-group-is-layout-07b29094 wp-block-group-is-layout-constrained\" style=\"margin-top:0px;margin-bottom:0px;padding-right:0px;padding-left:0px\">\n<div class=\"wp-block-cover has-custom-content-position is-position-bottom-center\" style=\"margin-top:0px;margin-bottom:0px;padding-top:0px;padding-right:0px;padding-bottom:0px;padding-left:0px;min-height:90vh;aspect-ratio:unset;\"><img decoding=\"async\" width=\"1920\" height=\"900\" class=\"wp-block-cover__image-background wp-image-7139 size-full\" alt=\"plateau charcuterie berry\" src=\"https:\/\/www.campingvalvertenberry.com\/wp-content\/uploads\/2026\/03\/plateau-charcuterie-berry.jpg\" data-object-fit=\"cover\" srcset=\"https:\/\/www.campingvalvertenberry.com\/wp-content\/uploads\/2026\/03\/plateau-charcuterie-berry.jpg 1920w, https:\/\/www.campingvalvertenberry.com\/wp-content\/uploads\/2026\/03\/plateau-charcuterie-berry-300x141.jpg 300w, https:\/\/www.campingvalvertenberry.com\/wp-content\/uploads\/2026\/03\/plateau-charcuterie-berry-1024x480.jpg 1024w, https:\/\/www.campingvalvertenberry.com\/wp-content\/uploads\/2026\/03\/plateau-charcuterie-berry-768x360.jpg 768w, https:\/\/www.campingvalvertenberry.com\/wp-content\/uploads\/2026\/03\/plateau-charcuterie-berry-1536x720.jpg 1536w\" sizes=\"(max-width: 1920px) 100vw, 1920px\" \/><span aria-hidden=\"true\" class=\"wp-block-cover__background has-background-dim wp-block-cover__gradient-background has-background-gradient\" style=\"background:linear-gradient(0deg,rgb(6,54,122) 0%,rgba(255,255,255,0) 30%)\"><\/span><div class=\"wp-block-cover__inner-container has-global-padding is-layout-constrained wp-container-core-cover-is-layout-8b154107 wp-block-cover-is-layout-constrained\">\n<p class=\"has-text-align-center has-large-font-size\"><\/p>\n<\/div><\/div>\n<\/div>\n\n\n\n<div class=\"wp-block-group content has-custom-color-1-background-color has-background has-global-padding is-layout-constrained wp-container-core-group-is-layout-81ce77fe wp-block-group-is-layout-constrained\" style=\"margin-top:0px;margin-bottom:0px;padding-top:5rem;padding-right:15rem;padding-bottom:6rem;padding-left:15rem\">\n<h2 class=\"wp-block-heading has-custom-color-2-color has-text-color has-link-color wp-elements-bff529f1d2ccd47ea5b50999ec724957\">Op het menu in het restaurant in La Ch\u00e2tre: huisgemaakte, familiale en lokale gerechten<\/h2>\n\n\n\n<p class=\"has-base-2-color has-text-color has-link-color wp-elements-278588dc3d7053b503ee5b59043266c7\"><a href=\"https:\/\/www.campingvalvertenberry.com\/nl\/\" data-type=\"page\" data-id=\"5\">Camping Val Vert in Berry, Indre<\/a>, heeft een eigen restaurant in La Ch\u00e2tre, Val Verre. Afhankelijk van je stemming kun je <strong>binnen of op het terras<\/strong> van je maaltijd genieten. Op onze kaart vind je gastronomische gerechten met de nadruk op lokale, seizoensgebonden producten: charcuterie of kaasplankje, vegetarische optie, salades, pasta, vlees en vis&#8230; en een <strong>kindermenu voor de jongere gasten<\/strong>.  <\/p>\n\n\n\n<p class=\"has-base-2-color has-text-color has-link-color wp-elements-15027659f0af56af379a6eeb046c83ff\">Val Verre is elke avond geopend vanaf 19.00 uur op weekdagen (behalve dinsdag) en op zondagmiddag, en is ook <strong>&#8217;s ochtends geopend om de dag te beginnen met een warm of koud drankje<\/strong>. Dankzij de <strong>brood- en gebakbezorgservice <\/strong>kun je je bestelling de dag van tevoren plaatsen en ter plekke opeten of de volgende dag meenemen.   <\/p>\n\n\n\n<p class=\"has-base-2-color has-text-color has-link-color wp-elements-69a8aacf712c66e85c9956c34b6787c9\">En voor wie &#8217;s middags vaak trek krijgt, biedt de bar van het restaurant vanaf 16.00 uur ijsjes, koffie, drankjes en snacks. Genoeg om je buik te vullen zonder de camping te verlaten&#8230; <\/p>\n<\/div>\n<\/div>\n\n<div class=\"wp-block-group section-simple has-global-padding is-layout-constrained wp-container-core-group-is-layout-e8882e7b wp-block-group-is-layout-constrained\" style=\"margin-top:0px;margin-bottom:0px;padding-top:8rem;padding-right:15rem;padding-bottom:8rem;padding-left:15rem\">\n<div class=\"wp-block-columns are-vertically-aligned-top gt-reverse-mobile is-layout-flex wp-container-core-columns-is-layout-28f84493 wp-block-columns-is-layout-flex\">\n<div class=\"wp-block-column is-vertically-aligned-top is-layout-flow wp-block-column-is-layout-flow\">\n<div class=\"wp-block-group has-custom-color-3-background-color has-background has-global-padding is-layout-constrained wp-container-core-group-is-layout-178dc5e1 wp-block-group-is-layout-constrained\" style=\"border-top-left-radius:10px;border-top-right-radius:10px;border-bottom-left-radius:10px;border-bottom-right-radius:10px;padding-top:40px;padding-right:40px;padding-bottom:40px;padding-left:40px\">\n<h2 class=\"wp-block-heading has-custom-color-1-color has-text-color has-link-color wp-elements-32e6660ea217fc8a37b215961acc3364\">Themamaaltijden, groepsevenementen en diensten op maat<\/h2>\n\n\n\n<p class=\"has-custom-color-1-color has-text-color\">De Val Verre biedt regelmatig <strong>themamaaltijden<\/strong> om het menu een nieuwe frisheid te geven. In het Hoogseizoen nodigen we je \u00e9\u00e9n keer per week uit om ons verrassingsmenu te komen ontdekken. Het is een manier om de geneugten te vari\u00ebren en de gezellige sfeer levend te houden.    <\/p>\n\n\n\n<div style=\"height:10px\" aria-hidden=\"true\" class=\"wp-block-spacer gt-hide-mobile\"><\/div>\n\n\n\n<p class=\"has-custom-color-1-color has-text-color\">In het Laagseizoen <strong>verwelkomt<\/strong> het <strong>restaurant in La Ch\u00e2tre graag groepen<\/strong> en biedt hen een service die aan hun wensen voldoet. We werken graag met je samen om een kwaliteitsarrangement samen te stellen. <\/p>\n<\/div>\n<\/div>\n\n\n\n<div class=\"wp-block-column is-vertically-aligned-top is-layout-flow wp-block-column-is-layout-flow\">\n<figure class=\"wp-block-image size-full has-custom-border\"><img decoding=\"async\" width=\"831\" height=\"569\" src=\"https:\/\/www.campingvalvertenberry.com\/wp-content\/uploads\/2026\/03\/camping-avec-restaurant-dans-le-berry-indre.jpg\" alt=\"camping met restaurant in berry indre\" class=\"wp-image-6917\" style=\"border-top-left-radius:10px;border-top-right-radius:10px;border-bottom-left-radius:10px;border-bottom-right-radius:10px;aspect-ratio:16\/9;object-fit:cover\" srcset=\"https:\/\/www.campingvalvertenberry.com\/wp-content\/uploads\/2026\/03\/camping-avec-restaurant-dans-le-berry-indre.jpg 831w, https:\/\/www.campingvalvertenberry.com\/wp-content\/uploads\/2026\/03\/camping-avec-restaurant-dans-le-berry-indre-300x205.jpg 300w, https:\/\/www.campingvalvertenberry.com\/wp-content\/uploads\/2026\/03\/camping-avec-restaurant-dans-le-berry-indre-768x526.jpg 768w\" sizes=\"(max-width: 831px) 100vw, 831px\" \/><\/figure>\n<\/div>\n<\/div>\n<\/div>\n\n<div class=\"wp-block-group section-maillage has-custom-color-3-background-color has-background has-global-padding is-layout-constrained wp-container-core-group-is-layout-20238047 wp-block-group-is-layout-constrained\" style=\"margin-top:0px;margin-bottom:0px;padding-top:8rem;padding-right:15rem;padding-bottom:8rem;padding-left:15rem\">\n<div class=\"wp-block-group texte-deco is-layout-flow wp-block-group-is-layout-flow\">\n<p class=\"has-text-align-center has-custom-color-1-color has-text-color has-link-color has-unbounded-font-family wp-elements-77b1dbefe820513140c36737e4b3549a\" style=\"font-size:clamp(1.976rem, 1.976rem + ((1vw - 0.2rem) * 2.54), 3.5rem);font-style:normal;font-weight:700;line-height:1\">Ontdek<\/p>\n\n\n\n<p class=\"has-text-align-center has-custom-color-1-color has-text-color has-link-color has-caveat-font-family wp-elements-ba38682cfe39d7a7bca1c826f6b56198\" style=\"margin-top:0px;margin-bottom:0px;font-size:clamp(2.758rem, 2.758rem + ((1vw - 0.2rem) * 4.253), 5.31rem);font-style:normal;font-weight:500;line-height:0.7\">het zwembad, diensten en prijzen<\/p>\n<\/div>\n\n\n\n<div data-wp-context=\"{}\" data-wp-interactive=\"core\/query\" data-wp-key=\"0\" data-wp-router-region=\"query-0\" class=\"wp-block-query alignwide gt-fse-maillage-query is-layout-flow wp-block-query-is-layout-flow\"><ul class=\"columns-3 wp-block-post-template is-layout-grid wp-container-core-post-template-is-layout-6d3fbd8f wp-block-post-template-is-layout-grid\"><li data-wp-key=\"post-template-item-7413\" class=\"wp-block-post post-7413 page type-page status-publish has-post-thumbnail hentry\">\n<a href=\"https:\/\/www.campingvalvertenberry.com\/nl\/camping-verwarmd-zwembad-la-chatre\/\"    class=\"wp-block-tiptip-hyperlink-group-block\" >\n<figure class=\"wp-block-image size-full is-resized\"><img decoding=\"async\" width=\"367\" height=\"318\" src=\"https:\/\/www.campingvalvertenberry.com\/wp-content\/uploads\/2025\/12\/grosse-fleur-jaune.svg\" alt=\"grote gele bloem\" class=\"wp-image-143\" style=\"object-fit:contain;width:50px;height:50px\"\/><\/figure>\n\n<figure class=\"wp-block-image has-custom-border gt-maillage__image\"><img decoding=\"async\" src=\"https:\/\/www.campingvalvertenberry.com\/wp-content\/uploads\/2026\/03\/camping-avec-piscine-dans-lindre-pres-de-chateauroux.jpg\" alt=\"Het Zwembad\" style=\"border-style:none;border-width:0px;border-top-left-radius:10px;border-top-right-radius:10px;border-bottom-left-radius:10px;border-bottom-right-radius:10px\"\/><\/figure>\n\n<p class=\"has-text-align-center has-custom-color-1-color has-text-color has-link-color has-unbounded-font-family wp-elements-6527d65a79d544105f2c7aa114e49b0c\" style=\"font-size:clamp(1.25rem, 1.25rem + ((1vw - 0.2rem) * 1.25), 2rem);line-height:1.1\">Het Zwembad<\/p>\n<\/a>\n<\/li><li data-wp-key=\"post-template-item-7226\" class=\"wp-block-post post-7226 page type-page status-publish has-post-thumbnail hentry category-vroeg-boeken\">\n<a href=\"https:\/\/www.campingvalvertenberry.com\/nl\/goedkoop-camping-la-chatre\/\"    class=\"wp-block-tiptip-hyperlink-group-block\" >\n<figure class=\"wp-block-image size-full is-resized\"><img decoding=\"async\" width=\"367\" height=\"318\" src=\"https:\/\/www.campingvalvertenberry.com\/wp-content\/uploads\/2025\/12\/grosse-fleur-jaune.svg\" alt=\"grote gele bloem\" class=\"wp-image-143\" style=\"object-fit:contain;width:50px;height:50px\"\/><\/figure>\n\n<figure class=\"wp-block-image has-custom-border gt-maillage__image\"><img decoding=\"async\" src=\"https:\/\/www.campingvalvertenberry.com\/wp-content\/uploads\/2026\/03\/camping-pas-cher-pres-de-chateauroux.jpg\" alt=\"goedkoop kamperen bij chateauroux\" style=\"border-style:none;border-width:0px;border-top-left-radius:10px;border-top-right-radius:10px;border-bottom-left-radius:10px;border-bottom-right-radius:10px\"\/><\/figure>\n\n<p class=\"has-text-align-center has-custom-color-1-color has-text-color has-link-color has-unbounded-font-family wp-elements-6527d65a79d544105f2c7aa114e49b0c\" style=\"font-size:clamp(1.25rem, 1.25rem + ((1vw - 0.2rem) * 1.25), 2rem);line-height:1.1\">Tarieven en promoties<\/p>\n<\/a>\n<\/li><li data-wp-key=\"post-template-item-7304\" class=\"wp-block-post post-7304 page type-page status-publish has-post-thumbnail hentry\">\n<a href=\"https:\/\/www.campingvalvertenberry.com\/nl\/familiecamping-la-chatre\/\"    class=\"wp-block-tiptip-hyperlink-group-block\" >\n<figure class=\"wp-block-image size-full is-resized\"><img decoding=\"async\" width=\"367\" height=\"318\" src=\"https:\/\/www.campingvalvertenberry.com\/wp-content\/uploads\/2025\/12\/grosse-fleur-jaune.svg\" alt=\"grote gele bloem\" class=\"wp-image-143\" style=\"object-fit:contain;width:50px;height:50px\"\/><\/figure>\n\n<figure class=\"wp-block-image has-custom-border gt-maillage__image\"><img decoding=\"async\" src=\"https:\/\/www.campingvalvertenberry.com\/wp-content\/uploads\/2026\/03\/camping-avec-services-en-berry.jpg\" alt=\"camping met diensten in berry\" style=\"border-style:none;border-width:0px;border-top-left-radius:10px;border-top-right-radius:10px;border-bottom-left-radius:10px;border-bottom-right-radius:10px\"\/><\/figure>\n\n<p class=\"has-text-align-center has-custom-color-1-color has-text-color has-link-color has-unbounded-font-family wp-elements-6527d65a79d544105f2c7aa114e49b0c\" style=\"font-size:clamp(1.25rem, 1.25rem + ((1vw - 0.2rem) * 1.25), 2rem);line-height:1.1\">Diensten en activiteiten<\/p>\n<\/a>\n<\/li><\/ul><\/div>\n<\/div>\n","protected":false},"excerpt":{"rendered":"<p>Een maaltijdpauze welverdiend Restaurant &#8220;Le Val Verre&#8221; in La Ch\u00e2tre Een maaltijd bereiden, zelfs op vakantie, kan een heel gedoe zijn. Schuif dus met je voeten onder tafel en geniet van ons menu ? Op het menu in het restaurant in La Ch\u00e2tre: huisgemaakte, familiale en lokale gerechten Camping Val Vert in Berry, Indre, heeft [&hellip;]<\/p>\n","protected":false},"author":1,"featured_media":7438,"parent":0,"menu_order":0,"comment_status":"closed","ping_status":"closed","template":"","meta":{"_seopress_robots_primary_cat":"","_seopress_titles_title":"Restaurant in La Ch\u00e2tre | \"Le Val Verre\" restaurant menu","_seopress_titles_desc":"Ontdek de huisgemaakte, lokale keuken in La Ch\u00e2tre: terras, kindermenu, seizoensproducten. Elke avond geopend behalve op dinsdag en zondagmiddag. ","_seopress_robots_index":"","inline_featured_image":false,"gt_fse_maillage_image":"https:\/\/www.campingvalvertenberry.com\/wp-content\/uploads\/2026\/03\/camping-familial-avec-restairant-dans-le-berry.jpg","gt_fse_maillage_titre":"Het restaurant","gt_fse_maillage_alt":"Automatisch ontwerp","gt_fse_maillage_resume":"","footnotes":""},"categories":[],"tags":[],"class_list":["post-7436","page","type-page","status-publish","has-post-thumbnail","hentry"],"publishpress_future_action":{"enabled":false,"date":"2026-04-24 09:31:54","action":"change-status","newStatus":"draft","terms":[],"taxonomy":"category","extraData":[]},"publishpress_future_workflow_manual_trigger":{"enabledWorkflows":[]},"_links":{"self":[{"href":"https:\/\/www.campingvalvertenberry.com\/nl\/wp-json\/wp\/v2\/pages\/7436","targetHints":{"allow":["GET"]}}],"collection":[{"href":"https:\/\/www.campingvalvertenberry.com\/nl\/wp-json\/wp\/v2\/pages"}],"about":[{"href":"https:\/\/www.campingvalvertenberry.com\/nl\/wp-json\/wp\/v2\/types\/page"}],"author":[{"embeddable":true,"href":"https:\/\/www.campingvalvertenberry.com\/nl\/wp-json\/wp\/v2\/users\/1"}],"replies":[{"embeddable":true,"href":"https:\/\/www.campingvalvertenberry.com\/nl\/wp-json\/wp\/v2\/comments?post=7436"}],"version-history":[{"count":5,"href":"https:\/\/www.campingvalvertenberry.com\/nl\/wp-json\/wp\/v2\/pages\/7436\/revisions"}],"predecessor-version":[{"id":7558,"href":"https:\/\/www.campingvalvertenberry.com\/nl\/wp-json\/wp\/v2\/pages\/7436\/revisions\/7558"}],"wp:featuredmedia":[{"embeddable":true,"href":"https:\/\/www.campingvalvertenberry.com\/nl\/wp-json\/wp\/v2\/media\/7438"}],"wp:attachment":[{"href":"https:\/\/www.campingvalvertenberry.com\/nl\/wp-json\/wp\/v2\/media?parent=7436"}],"wp:term":[{"taxonomy":"category","embeddable":true,"href":"https:\/\/www.campingvalvertenberry.com\/nl\/wp-json\/wp\/v2\/categories?post=7436"},{"taxonomy":"post_tag","embeddable":true,"href":"https:\/\/www.campingvalvertenberry.com\/nl\/wp-json\/wp\/v2\/tags?post=7436"}],"curies":[{"name":"wp","href":"https:\/\/api.w.org\/{rel}","templated":true}]}}