{"id":5404,"date":"2026-01-13T21:32:53","date_gmt":"2026-01-13T20:32:53","guid":{"rendered":"https:\/\/www.campingvalvertenberry.com\/legal-notice\/"},"modified":"2026-03-30T14:34:39","modified_gmt":"2026-03-30T12:34:39","slug":"legal-notices","status":"publish","type":"page","link":"https:\/\/www.campingvalvertenberry.com\/en\/legal-notices\/","title":{"rendered":"Legal notices"},"content":{"rendered":"\n<div class=\"wp-block-group section-6 has-custom-color-3-background-color has-background has-global-padding is-layout-constrained wp-container-core-group-is-layout-de244258 wp-block-group-is-layout-constrained\" style=\"margin-top:0px;margin-bottom:0px;padding-top:4rem;padding-right:15rem;padding-bottom:8rem;padding-left:15rem\">\n<div class=\"wp-block-group content has-base-2-background-color has-background has-global-padding is-layout-constrained wp-container-core-group-is-layout-69f271cb wp-block-group-is-layout-constrained\" style=\"border-top-left-radius:10px;border-top-right-radius:10px;border-bottom-left-radius:10px;border-bottom-right-radius:10px;margin-top:0px;margin-bottom:0px;padding-top:40px;padding-right:40px;padding-bottom:40px;padding-left:40px\">\n<h1 class=\"wp-block-heading has-text-align-left has-custom-color-1-color has-text-color has-link-color has-x-large-font-size wp-elements-7a074ddaa9af249bbede5886c88bcaab\">Legal notices<\/h1>\n\n\n\n<h2 class=\"wp-block-heading\">Site manager<\/h2>\n\n\n\n<p><strong>Publication manager<\/strong>: Daniel Taieb<br\/>Address: <strong>Camping Val Vert en Berry****<\/strong><br\/><strong>La Vicairerie &#8211; Route de Briantes<\/strong><br\/><strong>36400 LA CHATRE\/ LACS &#8211; FRANCE<\/strong><br\/>Telephone: <strong>+33 2 54 30 13 51<\/strong><br\/>Email: contact@campingvalvertenberry.com<br\/>SIRET: 80182180200015<br\/>Legal form: SAS, soci\u00e9t\u00e9 par actions simplifi\u00e9e<br\/>Intracommunity VAT number: FR54801821802<\/p>\n\n\n\n<h2 class=\"wp-block-heading\">Realization<\/h2>\n\n\n\n<p><strong>GEEK TONIC<\/strong> Represented by Mr Yohan Darmayan in his capacity as Manager<br\/>Registered office: 16 chemin de Sabalce 64100 Bayonne<br\/>Tel: <a href=\"https:\/\/www.google.com\/search?q=geek+tonic&amp;sxsrf=ALiCzsb97zG2dngu-WqfTOdPG_O6pmDSPQ%3A1665557722642&amp;ei=2mRGY-_0JorhlwS4vpuoCA&amp;ved=0ahUKEwjvyaSDjtr6AhWK8IUKHTjfBoUQ4dUDCA4&amp;uact=5&amp;oq=geek+tonic&amp;gs_lcp=Cgdnd3Mtd2l6EAMyBAgjECcyCgguEMcBEK8BECcyBggAEBYQHjIGCAAQFhAeMgIIJjoKCAAQRxDWBBCwAzoNCAAQ5AIQ1gQQsAMYAToICAAQFhAeEA86CAgAEBYQHhAKOgUIABCABDoLCC4QgAQQxwEQ0QM6CggAEIAEEIcCEBQ6CggAEIAEEAoQywFKBAhNGAFKBAhBGABKBAhGGAFQ4wtYgh1gkyBoAnABeACAAawBiAHRBJIBAzUuMZgBAKABAcgBDcABAdoBBggBEAEYCQ&amp;sclient=gws-wiz#\">+335 32 74 11 52<\/a><br\/>E-mail: <a href=\"mailto:support@geek-tonic.com\">support@geek-tonic.com<\/a><br\/>Website: <a href=\"https:\/\/www.geek-tonic.com\/\">www.geek-tonic.com<\/a><br\/>SIRET: 89746755100015<br\/>APE: 6201Z<\/p>\n\n\n\n<h2 class=\"wp-block-heading\">Copyright<\/h2>\n\n\n\n<p>The entire content of this site is subject to copyright and intellectual property rights under French law. Any reproduction (including photos, icons and downloadable documents) is prohibited without prior consent from GEEK TONIC. Reproduction of all or part of the site in electronic or paper format is prohibited. GEEK TONIC accepts no responsibility for the content of the website. GEEK TONIC also accepts no responsibility for external links to this website.   <\/p>\n\n\n\n<h2 class=\"wp-block-heading\">Personal data and nominative information<\/h2>\n\n\n\n<p>You have the right to access, modify, rectify and delete data concerning you in accordance with Article 34 of the French Data Protection Act (Loi &#8221; Informatique et Libert\u00e9s &#8221; n\u00b0 78-17 du 6 janvier 1978, modified on August 6, 2018). To exercise this right of access, please send a written request to the site editor. <\/p>\n\n\n\n<h2 class=\"wp-block-heading\">Legislation<\/h2>\n\n\n\n<p>In accordance with the law of March 11, 1957 (art. 41) and the intellectual property code of July 1, 1992, it is forbidden to reproduce any part of the site in whole or in part without prior authorization from the site editor. Logos, visuals, photos, videos, graphic charts and texts are the property of their respective owners. This site may, without its knowledge, have been linked to other sites via hypermedia links. The site editor declines all responsibility for the information presented on these other sites. The Internet user acknowledges that use of this site is governed by French law.    <\/p>\n\n\n\n<h2 class=\"wp-block-heading\">Mediation of consumer disputes<\/h2>\n\n\n\n<p>In accordance with the provisions of the French Consumer Code concerning &#8220;the mediation process for consumer disputes&#8221;, the customer has the right to use, free of charge, the mediation service offered by <strong>Campsite Flower Val Vert en Berry<\/strong>. The &#8220;consumer law&#8221; mediator thus proposed is CM2C. This mediation service can be reached by : &#8211; electronically: www.cm2c.net; &#8211; or by post: CM2C &#8211; Centre de m\u00e9diation et r\u00e8glement amiable des huissiers de justice- 14, Rue Saint-Jean, 75017 Paris.  <\/p>\n<\/div>\n<\/div>\n\n<p><\/p>\n","protected":false},"excerpt":{"rendered":"<p>Legal notices Site manager Publication manager: Daniel TaiebAddress: Camping Val Vert en Berry****La Vicairerie &#8211; Route de Briantes36400 LA CHATRE\/ LACS &#8211; FRANCETelephone: +33 2 54 30 13 51Email: contact@campingvalvertenberry.comSIRET: 80182180200015Legal form: SAS, soci\u00e9t\u00e9 par actions simplifi\u00e9eIntracommunity VAT number: FR54801821802 Realization GEEK TONIC Represented by Mr Yohan Darmayan in his capacity as ManagerRegistered office: 16 [&hellip;]<\/p>\n","protected":false},"author":1,"featured_media":6973,"parent":0,"menu_order":0,"comment_status":"closed","ping_status":"closed","template":"","meta":{"_seopress_robots_primary_cat":"","_seopress_titles_title":"Legal notices of camping Val Vert en Berry","_seopress_titles_desc":"Stay at Camping Val Vert in Berry and enjoy a unique setting. Book your nature getaway now! ","_seopress_robots_index":"yes","inline_featured_image":false,"gt_fse_maillage_image":"https:\/\/www.campingvalvertenberry.com\/wp-content\/uploads\/2026\/03\/camping-cycloboheme-etape.jpg","gt_fse_maillage_titre":"Legal notices","gt_fse_maillage_alt":"camping cycloboheme etape","gt_fse_maillage_resume":"","footnotes":""},"categories":[],"tags":[],"class_list":["post-5404","page","type-page","status-publish","has-post-thumbnail","hentry"],"publishpress_future_action":{"enabled":false,"date":"2026-04-24 09:14:42","action":"change-status","newStatus":"draft","terms":[],"taxonomy":"category","extraData":[]},"publishpress_future_workflow_manual_trigger":{"enabledWorkflows":[]},"_links":{"self":[{"href":"https:\/\/www.campingvalvertenberry.com\/en\/wp-json\/wp\/v2\/pages\/5404","targetHints":{"allow":["GET"]}}],"collection":[{"href":"https:\/\/www.campingvalvertenberry.com\/en\/wp-json\/wp\/v2\/pages"}],"about":[{"href":"https:\/\/www.campingvalvertenberry.com\/en\/wp-json\/wp\/v2\/types\/page"}],"author":[{"embeddable":true,"href":"https:\/\/www.campingvalvertenberry.com\/en\/wp-json\/wp\/v2\/users\/1"}],"replies":[{"embeddable":true,"href":"https:\/\/www.campingvalvertenberry.com\/en\/wp-json\/wp\/v2\/comments?post=5404"}],"version-history":[{"count":7,"href":"https:\/\/www.campingvalvertenberry.com\/en\/wp-json\/wp\/v2\/pages\/5404\/revisions"}],"predecessor-version":[{"id":7657,"href":"https:\/\/www.campingvalvertenberry.com\/en\/wp-json\/wp\/v2\/pages\/5404\/revisions\/7657"}],"wp:featuredmedia":[{"embeddable":true,"href":"https:\/\/www.campingvalvertenberry.com\/en\/wp-json\/wp\/v2\/media\/6973"}],"wp:attachment":[{"href":"https:\/\/www.campingvalvertenberry.com\/en\/wp-json\/wp\/v2\/media?parent=5404"}],"wp:term":[{"taxonomy":"category","embeddable":true,"href":"https:\/\/www.campingvalvertenberry.com\/en\/wp-json\/wp\/v2\/categories?post=5404"},{"taxonomy":"post_tag","embeddable":true,"href":"https:\/\/www.campingvalvertenberry.com\/en\/wp-json\/wp\/v2\/tags?post=5404"}],"curies":[{"name":"wp","href":"https:\/\/api.w.org\/{rel}","templated":true}]}}