{"id":7420,"date":"2026-03-16T16:50:18","date_gmt":"2026-03-16T15:50:18","guid":{"rendered":"https:\/\/www.campingvalvertenberry.com\/restaurant-la-chatre\/"},"modified":"2026-03-30T14:00:11","modified_gmt":"2026-03-30T12:00:11","slug":"restaurant-imbiss-la-chatre","status":"publish","type":"page","link":"https:\/\/www.campingvalvertenberry.com\/de\/restaurant-imbiss-la-chatre\/","title":{"rendered":"Das Restaurant"},"content":{"rendered":"\n<div class=\"wp-block-group section-6 has-custom-color-3-background-color has-background has-global-padding is-layout-constrained wp-container-core-group-is-layout-20238047 wp-block-group-is-layout-constrained\" style=\"margin-top:0px;margin-bottom:0px;padding-top:8rem;padding-right:15rem;padding-bottom:8rem;padding-left:15rem\">\n<div class=\"wp-block-group gt-reverse-mobile is-nowrap is-layout-flex wp-container-core-group-is-layout-90b6bdf5 wp-block-group-is-layout-flex\">\n<div class=\"wp-block-group has-global-padding is-layout-constrained wp-container-core-group-is-layout-7c250ea7 wp-block-group-is-layout-constrained\" style=\"margin-top:0px;margin-bottom:0px;padding-top:0;padding-right:0px;padding-bottom:0;padding-left:0px\">\n<figure class=\"wp-block-image size-large icon-pagination-active\"><img decoding=\"async\" width=\"21\" height=\"18\" src=\"https:\/\/www.campingvalvertenberry.com\/wp-content\/uploads\/2025\/12\/icon-fleur-jaune-pagination.svg\" alt=\"icon gelbe Blume pagination\" class=\"wp-image-135\"\/><\/figure>\n\n\n\n<div class=\"wp-block-group arrow-slider-prev has-border-color has-global-padding is-layout-constrained wp-container-core-group-is-layout-97a11e02 wp-block-group-is-layout-constrained\" style=\"border-color:#ffffff;border-width:1px;border-top-left-radius:100px;border-bottom-left-radius:100px;margin-top:0px;margin-bottom:0px;padding-top:20px;padding-right:10px;padding-bottom:20px;padding-left:10px\">\n<figure class=\"wp-block-image size-large\"><img decoding=\"async\" width=\"41\" height=\"10\" src=\"https:\/\/www.campingvalvertenberry.com\/wp-content\/uploads\/2025\/12\/arrow-slider-prev-blanc.svg\" alt=\"arrow slider prev wei&#xDF;\" class=\"wp-image-117\"\/><\/figure>\n<\/div>\n\n\n\n<div class=\"wp-block-group arrow-slider-next has-border-color has-global-padding is-layout-constrained wp-container-core-group-is-layout-97a11e02 wp-block-group-is-layout-constrained\" style=\"border-color:#ffffff;border-width:1px;border-top-right-radius:100px;border-bottom-right-radius:100px;margin-top:0px;margin-bottom:0px;padding-top:20px;padding-right:10px;padding-bottom:20px;padding-left:10px\">\n<figure class=\"wp-block-image size-large\"><img decoding=\"async\" width=\"41\" height=\"10\" src=\"https:\/\/www.campingvalvertenberry.com\/wp-content\/uploads\/2025\/12\/arrow-slider-next-blanc.svg\" alt=\"arrow slider next wei&#xDF;\" class=\"wp-image-119\"\/><\/figure>\n<\/div>\n\n\n\n<div data-swiper=\"{&quot;speed&quot;:400,&quot;spaceBetween&quot;:0,&quot;slidesPerView&quot;:1,&quot;createElements&quot;:true,&quot;loop&quot;:true,&quot;freemode&quot;:true,&quot;navigation&quot;:{&quot;nextEl&quot;:&quot;.section-6 .arrow-slider-next&quot;,&quot;prevEl&quot;:&quot;.section-6 .arrow-slider-prev&quot;},&quot;pagination&quot;:{&quot;el&quot;:&quot;.swiper-pagination&quot;,&quot;dynamicBullets&quot;:true},&quot;breakpoints&quot;:[{&quot;slidesPerView&quot;:1}],&quot;autoplay&quot;:true}\" class=\"wp-block-group gt-is-slider gt-is-slider-desktop has-global-padding is-layout-constrained wp-container-core-group-is-layout-162f2a30 wp-block-group-is-layout-constrained\" style=\"margin-top:0px;margin-bottom:0px\">\n<div class=\"wp-block-group has-global-padding is-layout-constrained wp-container-core-group-is-layout-d6554d75 wp-block-group-is-layout-constrained\" style=\"margin-top:0px;margin-bottom:0px\">\n<div class=\"wp-block-cover is-light\" style=\"border-top-left-radius:10px;border-top-right-radius:10px;border-bottom-left-radius:10px;border-bottom-right-radius:10px\"><img decoding=\"async\" width=\"831\" height=\"569\" class=\"wp-block-cover__image-background wp-image-6910 size-full\" alt=\"camping avec restairant dans le berry ()\" src=\"https:\/\/www.campingvalvertenberry.com\/wp-content\/uploads\/2026\/03\/camping-avec-restairant-dans-le-berry-1.jpg\" data-object-fit=\"cover\" srcset=\"https:\/\/www.campingvalvertenberry.com\/wp-content\/uploads\/2026\/03\/camping-avec-restairant-dans-le-berry-1.jpg 831w, https:\/\/www.campingvalvertenberry.com\/wp-content\/uploads\/2026\/03\/camping-avec-restairant-dans-le-berry-1-300x205.jpg 300w, https:\/\/www.campingvalvertenberry.com\/wp-content\/uploads\/2026\/03\/camping-avec-restairant-dans-le-berry-1-768x526.jpg 768w\" sizes=\"(max-width: 831px) 100vw, 831px\" \/><span aria-hidden=\"true\" class=\"wp-block-cover__background has-background-dim-0 has-background-dim\"><\/span><div class=\"wp-block-cover__inner-container has-global-padding is-layout-constrained wp-block-cover-is-layout-constrained\">\n<p class=\"has-text-align-center has-large-font-size\"><\/p>\n<\/div><\/div>\n<\/div>\n\n\n\n<div class=\"wp-block-group has-global-padding is-layout-constrained wp-container-core-group-is-layout-d6554d75 wp-block-group-is-layout-constrained\" style=\"margin-top:0px;margin-bottom:0px\">\n<div class=\"wp-block-cover is-light\" style=\"border-top-left-radius:10px;border-top-right-radius:10px;border-bottom-left-radius:10px;border-bottom-right-radius:10px\"><img decoding=\"async\" width=\"1920\" height=\"500\" class=\"wp-block-cover__image-background wp-image-6877 size-full\" alt=\"specialit\u00e9 culinaire berry\" src=\"https:\/\/www.campingvalvertenberry.com\/wp-content\/uploads\/2026\/03\/specialite-culinaire-berry.jpg\" data-object-fit=\"cover\" srcset=\"https:\/\/www.campingvalvertenberry.com\/wp-content\/uploads\/2026\/03\/specialite-culinaire-berry.jpg 1920w, https:\/\/www.campingvalvertenberry.com\/wp-content\/uploads\/2026\/03\/specialite-culinaire-berry-300x78.jpg 300w, https:\/\/www.campingvalvertenberry.com\/wp-content\/uploads\/2026\/03\/specialite-culinaire-berry-1024x267.jpg 1024w, https:\/\/www.campingvalvertenberry.com\/wp-content\/uploads\/2026\/03\/specialite-culinaire-berry-768x200.jpg 768w, https:\/\/www.campingvalvertenberry.com\/wp-content\/uploads\/2026\/03\/specialite-culinaire-berry-1536x400.jpg 1536w\" sizes=\"(max-width: 1920px) 100vw, 1920px\" \/><span aria-hidden=\"true\" class=\"wp-block-cover__background has-background-dim-0 has-background-dim\"><\/span><div class=\"wp-block-cover__inner-container has-global-padding is-layout-constrained wp-block-cover-is-layout-constrained\">\n<p class=\"has-text-align-center has-large-font-size\"><\/p>\n<\/div><\/div>\n<\/div>\n\n\n\n<div class=\"wp-block-group has-global-padding is-layout-constrained wp-container-core-group-is-layout-d6554d75 wp-block-group-is-layout-constrained\" style=\"margin-top:0px;margin-bottom:0px\">\n<div class=\"wp-block-cover is-light\" style=\"border-top-left-radius:10px;border-top-right-radius:10px;border-bottom-left-radius:10px;border-bottom-right-radius:10px\"><img decoding=\"async\" width=\"831\" height=\"569\" class=\"wp-block-cover__image-background wp-image-6913 size-full\" alt=\"camping avec restaurant pr\u00e8s de chateauroux\" src=\"https:\/\/www.campingvalvertenberry.com\/wp-content\/uploads\/2026\/03\/camping-avec-restairant-pres-de-chateauroux.jpg\" data-object-fit=\"cover\" srcset=\"https:\/\/www.campingvalvertenberry.com\/wp-content\/uploads\/2026\/03\/camping-avec-restairant-pres-de-chateauroux.jpg 831w, https:\/\/www.campingvalvertenberry.com\/wp-content\/uploads\/2026\/03\/camping-avec-restairant-pres-de-chateauroux-300x205.jpg 300w, https:\/\/www.campingvalvertenberry.com\/wp-content\/uploads\/2026\/03\/camping-avec-restairant-pres-de-chateauroux-768x526.jpg 768w\" sizes=\"(max-width: 831px) 100vw, 831px\" \/><span aria-hidden=\"true\" class=\"wp-block-cover__background has-background-dim-0 has-background-dim\"><\/span><div class=\"wp-block-cover__inner-container has-global-padding is-layout-constrained wp-block-cover-is-layout-constrained\">\n<p class=\"has-text-align-center has-large-font-size\"><\/p>\n<\/div><\/div>\n<\/div>\n<\/div>\n<\/div>\n\n\n\n<div class=\"wp-block-group gt-reverse-mobile is-vertical is-layout-flex wp-container-core-group-is-layout-7857e36c wp-block-group-is-layout-flex\" style=\"padding-right:0px;padding-left:0px\">\n<div class=\"wp-block-group texte-deco has-global-padding is-content-justification-left is-layout-constrained wp-container-core-group-is-layout-d6fb7615 wp-block-group-is-layout-constrained\" style=\"margin-top:0px;margin-bottom:0px;padding-right:0px;padding-left:0px\">\n<p class=\"has-custom-color-1-color has-text-color has-link-color has-unbounded-font-family wp-elements-f796793e5ac83c25b8133603c2c7d2a7\" style=\"font-size:clamp(1.976rem, 1.976rem + ((1vw - 0.2rem) * 2.54), 3.5rem);font-style:normal;font-weight:700;line-height:1\">Eine Essenspause  <\/p>\n\n\n\n<p class=\"has-text-align-left has-custom-color-1-color has-text-color has-link-color has-caveat-font-family wp-elements-5cbde208d9f6f0e171927dac2b62b008\" style=\"margin-top:0px;margin-bottom:0px;font-size:clamp(2.758rem, 2.758rem + ((1vw - 0.2rem) * 4.253), 5.31rem);font-style:normal;font-weight:500;line-height:0.7\">wohlverdient<\/p>\n<\/div>\n\n\n\n<div class=\"wp-block-group content has-base-2-background-color has-background has-global-padding is-layout-constrained wp-container-core-group-is-layout-69f271cb wp-block-group-is-layout-constrained\" style=\"border-top-left-radius:10px;border-top-right-radius:10px;border-bottom-left-radius:10px;border-bottom-right-radius:10px;margin-top:0px;margin-bottom:0px;padding-top:40px;padding-right:40px;padding-bottom:40px;padding-left:40px\">\n<h1 class=\"wp-block-heading has-custom-color-1-color has-text-color has-link-color wp-elements-68035bc317402a74e58b603a11f08f88\">Restaurant &#8222;Le Val Verre&#8220; in La Ch\u00e2tre<\/h1>\n\n\n\n<p class=\"has-custom-color-1-color has-text-color\">Selbst im Urlaub kann die Zubereitung von Mahlzeiten als l\u00e4stige Pflicht empfunden werden. Warum also nicht die F\u00fc\u00dfe unter den Tisch schieben und sich von unserem Men\u00fc verw\u00f6hnen lassen? <strong> <\/strong>?<\/p>\n<\/div>\n<\/div>\n<\/div>\n<\/div>\n\n<div class=\"wp-block-group section-4 has-global-padding is-layout-constrained wp-container-core-group-is-layout-07b29094 wp-block-group-is-layout-constrained\" style=\"margin-top:0px;margin-bottom:0px;padding-right:0px;padding-left:0px\">\n<div class=\"wp-block-group banner has-global-padding is-layout-constrained wp-container-core-group-is-layout-07b29094 wp-block-group-is-layout-constrained\" style=\"margin-top:0px;margin-bottom:0px;padding-right:0px;padding-left:0px\">\n<div class=\"wp-block-cover has-custom-content-position is-position-bottom-center\" style=\"margin-top:0px;margin-bottom:0px;padding-top:0px;padding-right:0px;padding-bottom:0px;padding-left:0px;min-height:90vh;aspect-ratio:unset;\"><img decoding=\"async\" width=\"1920\" height=\"900\" class=\"wp-block-cover__image-background wp-image-7139 size-full\" alt=\"plateau charcuterie berry\" src=\"https:\/\/www.campingvalvertenberry.com\/wp-content\/uploads\/2026\/03\/plateau-charcuterie-berry.jpg\" data-object-fit=\"cover\" srcset=\"https:\/\/www.campingvalvertenberry.com\/wp-content\/uploads\/2026\/03\/plateau-charcuterie-berry.jpg 1920w, https:\/\/www.campingvalvertenberry.com\/wp-content\/uploads\/2026\/03\/plateau-charcuterie-berry-300x141.jpg 300w, https:\/\/www.campingvalvertenberry.com\/wp-content\/uploads\/2026\/03\/plateau-charcuterie-berry-1024x480.jpg 1024w, https:\/\/www.campingvalvertenberry.com\/wp-content\/uploads\/2026\/03\/plateau-charcuterie-berry-768x360.jpg 768w, https:\/\/www.campingvalvertenberry.com\/wp-content\/uploads\/2026\/03\/plateau-charcuterie-berry-1536x720.jpg 1536w\" sizes=\"(max-width: 1920px) 100vw, 1920px\" \/><span aria-hidden=\"true\" class=\"wp-block-cover__background has-background-dim wp-block-cover__gradient-background has-background-gradient\" style=\"background:linear-gradient(0deg,rgb(6,54,122) 0%,rgba(255,255,255,0) 30%)\"><\/span><div class=\"wp-block-cover__inner-container has-global-padding is-layout-constrained wp-container-core-cover-is-layout-8b154107 wp-block-cover-is-layout-constrained\">\n<p class=\"has-text-align-center has-large-font-size\"><\/p>\n<\/div><\/div>\n<\/div>\n\n\n\n<div class=\"wp-block-group content has-custom-color-1-background-color has-background has-global-padding is-layout-constrained wp-container-core-group-is-layout-81ce77fe wp-block-group-is-layout-constrained\" style=\"margin-top:0px;margin-bottom:0px;padding-top:5rem;padding-right:15rem;padding-bottom:6rem;padding-left:15rem\">\n<h2 class=\"wp-block-heading has-custom-color-2-color has-text-color has-link-color wp-elements-778b16993876e1f09639d01eba2515cf\">Auf der Speisekarte des Restaurants in La Ch\u00e2tre: hausgemachte, famili\u00e4re und lokale K\u00fcche.<\/h2>\n\n\n\n<p class=\"has-base-2-color has-text-color has-link-color wp-elements-70d7c24f4877136036fa73f35f13b31b\">Der <a href=\"https:\/\/www.campingvalvertenberry.com\/de\/\" data-type=\"page\" data-id=\"5\">Campingplatz Val Vert en Berry im Departement Indre<\/a> verf\u00fcgt \u00fcber ein eigenes Restaurant in La Ch\u00e2tre, das Val Verre. Je nach Lust und Laune k\u00f6nnen Sie Ihr Essen <strong>drinnen oder auf der Terrasse<\/strong> genie\u00dfen. Auf unserer Speisekarte finden Sie Gourmetgerichte mit lokalen und saisonalen Produkten: Wurst- und K\u00e4seplatten, vegetarische Optionen, Salate, Pasta, Fleisch und Fisch&#8230; sowie ein <strong>Kindermen\u00fc f\u00fcr die Kleinsten<\/strong>.  <\/p>\n\n\n\n<p class=\"has-base-2-color has-text-color has-link-color wp-elements-c144a7db13154109dfc6ad13fe127156\">Das Val Verre ist an Wochentagen (au\u00dfer dienstags) jeden Abend ab 19.00 Uhr und sonntags zum Mittagessen ge\u00f6ffnet. Es ist auch <strong>morgens ge\u00f6ffnet, um den Tag mit einem warmen oder kalten Getr\u00e4nk zu beginnen<\/strong>. Ein <strong>Lieferservice f\u00fcr Brot und Geb\u00e4ck <\/strong>erm\u00f6glicht es Ihnen, am Vortag zu bestellen, um es vor Ort zu essen oder am n\u00e4chsten Tag mitzunehmen.   <\/p>\n\n\n\n<p class=\"has-base-2-color has-text-color has-link-color wp-elements-6bffc0ad3dbdb115b7b8ef6588f13631\">Und f\u00fcr diejenigen, die am Nachmittag Hunger haben, bietet die Bar des Restaurants ab 16 Uhr Eis, Kaffee, Getr\u00e4nke und Snacks an. So k\u00f6nnen Sie Ihren Bauch f\u00fcllen, ohne den Campingplatz zu verlassen&#8230; <\/p>\n<\/div>\n<\/div>\n\n<div class=\"wp-block-group section-simple has-global-padding is-layout-constrained wp-container-core-group-is-layout-e8882e7b wp-block-group-is-layout-constrained\" style=\"margin-top:0px;margin-bottom:0px;padding-top:8rem;padding-right:15rem;padding-bottom:8rem;padding-left:15rem\">\n<div class=\"wp-block-columns are-vertically-aligned-top gt-reverse-mobile is-layout-flex wp-container-core-columns-is-layout-28f84493 wp-block-columns-is-layout-flex\">\n<div class=\"wp-block-column is-vertically-aligned-top is-layout-flow wp-block-column-is-layout-flow\">\n<div class=\"wp-block-group has-custom-color-3-background-color has-background has-global-padding is-layout-constrained wp-container-core-group-is-layout-178dc5e1 wp-block-group-is-layout-constrained\" style=\"border-top-left-radius:10px;border-top-right-radius:10px;border-bottom-left-radius:10px;border-bottom-right-radius:10px;padding-top:40px;padding-right:40px;padding-bottom:40px;padding-left:40px\">\n<h2 class=\"wp-block-heading has-custom-color-1-color has-text-color has-link-color wp-elements-5f84e7c7fa51f30c15ea207f2a76ccab\">Thematische Mahlzeiten, Empfang von Gruppen und ma\u00dfgeschneiderte Leistungen<\/h2>\n\n\n\n<p class=\"has-custom-color-1-color has-text-color\">Regelm\u00e4\u00dfig bietet das Val Verre <strong>Themenessen<\/strong> an, um dem Men\u00fc eine neue Frische zu verleihen. In der Hochsaison laden wir Sie einmal pro Woche ein, die \u00dcberraschungskarte zu entdecken. So k\u00f6nnen Sie die gesellige Atmosph\u00e4re des Hauses genie\u00dfen.    <\/p>\n\n\n\n<div style=\"height:10px\" aria-hidden=\"true\" class=\"wp-block-spacer gt-hide-mobile\"><\/div>\n\n\n\n<p class=\"has-custom-color-1-color has-text-color\">In der Nebensaison <strong>freut sich<\/strong> das <strong>Restaurant in La Ch\u00e2tre darauf, Gruppen zu empfangen<\/strong> und ihnen ein Angebot zu machen, das ihren W\u00fcnschen entspricht. Wir stehen Ihnen gerne zur Verf\u00fcgung, um gemeinsam mit Ihnen ein qualitativ hochwertiges Angebot zu entwerfen. <\/p>\n<\/div>\n<\/div>\n\n\n\n<div class=\"wp-block-column is-vertically-aligned-top is-layout-flow wp-block-column-is-layout-flow\">\n<figure class=\"wp-block-image size-full has-custom-border\"><img decoding=\"async\" width=\"831\" height=\"569\" src=\"https:\/\/www.campingvalvertenberry.com\/wp-content\/uploads\/2026\/03\/camping-avec-restaurant-dans-le-berry-indre.jpg\" alt=\"campingplatz mit restaurant in berry indre\" class=\"wp-image-6917\" style=\"border-top-left-radius:10px;border-top-right-radius:10px;border-bottom-left-radius:10px;border-bottom-right-radius:10px;aspect-ratio:16\/9;object-fit:cover\" srcset=\"https:\/\/www.campingvalvertenberry.com\/wp-content\/uploads\/2026\/03\/camping-avec-restaurant-dans-le-berry-indre.jpg 831w, https:\/\/www.campingvalvertenberry.com\/wp-content\/uploads\/2026\/03\/camping-avec-restaurant-dans-le-berry-indre-300x205.jpg 300w, https:\/\/www.campingvalvertenberry.com\/wp-content\/uploads\/2026\/03\/camping-avec-restaurant-dans-le-berry-indre-768x526.jpg 768w\" sizes=\"(max-width: 831px) 100vw, 831px\" \/><\/figure>\n<\/div>\n<\/div>\n<\/div>\n\n<div class=\"wp-block-group section-maillage has-custom-color-3-background-color has-background has-global-padding is-layout-constrained wp-container-core-group-is-layout-20238047 wp-block-group-is-layout-constrained\" style=\"margin-top:0px;margin-bottom:0px;padding-top:8rem;padding-right:15rem;padding-bottom:8rem;padding-left:15rem\">\n<div class=\"wp-block-group texte-deco is-layout-flow wp-block-group-is-layout-flow\">\n<p class=\"has-text-align-center has-custom-color-1-color has-text-color has-link-color has-unbounded-font-family wp-elements-e951b85560492fb3e3e45aa849a86fe2\" style=\"font-size:clamp(1.976rem, 1.976rem + ((1vw - 0.2rem) * 2.54), 3.5rem);font-style:normal;font-weight:700;line-height:1\">Entdecken Sie<\/p>\n\n\n\n<p class=\"has-text-align-center has-custom-color-1-color has-text-color has-link-color has-caveat-font-family wp-elements-c9d1b1c67953d5ad5c919d3661595345\" style=\"margin-top:0px;margin-bottom:0px;font-size:clamp(2.758rem, 2.758rem + ((1vw - 0.2rem) * 4.253), 5.31rem);font-style:normal;font-weight:500;line-height:0.7\">das Schwimmbad, die Dienstleistungen und die Preise<\/p>\n<\/div>\n\n\n\n<div data-wp-context=\"{}\" data-wp-interactive=\"core\/query\" data-wp-key=\"0\" data-wp-router-region=\"query-0\" class=\"wp-block-query alignwide gt-fse-maillage-query is-layout-flow wp-block-query-is-layout-flow\"><ul class=\"columns-3 wp-block-post-template is-layout-grid wp-container-core-post-template-is-layout-6d3fbd8f wp-block-post-template-is-layout-grid\"><li data-wp-key=\"post-template-item-7219\" class=\"wp-block-post post-7219 page type-page status-publish has-post-thumbnail hentry\">\n<a href=\"https:\/\/www.campingvalvertenberry.com\/de\/la-chatre\/\"    class=\"wp-block-tiptip-hyperlink-group-block\" >\n<figure class=\"wp-block-image size-full is-resized\"><img decoding=\"async\" width=\"367\" height=\"318\" src=\"https:\/\/www.campingvalvertenberry.com\/wp-content\/uploads\/2025\/12\/grosse-fleur-jaune.svg\" alt=\"gro&#xDF;e gelbe Blume\" class=\"wp-image-143\" style=\"object-fit:contain;width:50px;height:50px\"\/><\/figure>\n\n<figure class=\"wp-block-image has-custom-border gt-maillage__image\"><img decoding=\"async\" src=\"https:\/\/www.campingvalvertenberry.com\/wp-content\/uploads\/2026\/03\/camping-avec-piscine-dans-lindre-pres-de-chateauroux.jpg\" alt=\"Das Schwimmbad\" style=\"border-style:none;border-width:0px;border-top-left-radius:10px;border-top-right-radius:10px;border-bottom-left-radius:10px;border-bottom-right-radius:10px\"\/><\/figure>\n\n<p class=\"has-text-align-center has-custom-color-1-color has-text-color has-link-color has-unbounded-font-family wp-elements-6527d65a79d544105f2c7aa114e49b0c\" style=\"font-size:clamp(1.25rem, 1.25rem + ((1vw - 0.2rem) * 1.25), 2rem);line-height:1.1\">Das Schwimmbad<\/p>\n<\/a>\n<\/li><li data-wp-key=\"post-template-item-7357\" class=\"wp-block-post post-7357 page type-page status-publish has-post-thumbnail hentry category-fruhbucher\">\n<a href=\"https:\/\/www.campingvalvertenberry.com\/de\/guenstiger-campingplatz-la-chatre\/\"    class=\"wp-block-tiptip-hyperlink-group-block\" >\n<figure class=\"wp-block-image size-full is-resized\"><img decoding=\"async\" width=\"367\" height=\"318\" src=\"https:\/\/www.campingvalvertenberry.com\/wp-content\/uploads\/2025\/12\/grosse-fleur-jaune.svg\" alt=\"gro&#xDF;e gelbe Blume\" class=\"wp-image-143\" style=\"object-fit:contain;width:50px;height:50px\"\/><\/figure>\n\n<figure class=\"wp-block-image has-custom-border gt-maillage__image\"><img decoding=\"async\" src=\"https:\/\/www.campingvalvertenberry.com\/wp-content\/uploads\/2026\/03\/camping-pas-cher-pres-de-chateauroux.jpg\" alt=\"g\u00fcnstiger campingplatz in der n\u00e4he von chateauroux\" style=\"border-style:none;border-width:0px;border-top-left-radius:10px;border-top-right-radius:10px;border-bottom-left-radius:10px;border-bottom-right-radius:10px\"\/><\/figure>\n\n<p class=\"has-text-align-center has-custom-color-1-color has-text-color has-link-color has-unbounded-font-family wp-elements-6527d65a79d544105f2c7aa114e49b0c\" style=\"font-size:clamp(1.25rem, 1.25rem + ((1vw - 0.2rem) * 1.25), 2rem);line-height:1.1\">Sonderangebote<\/p>\n<\/a>\n<\/li><li data-wp-key=\"post-template-item-7292\" class=\"wp-block-post post-7292 page type-page status-publish has-post-thumbnail hentry\">\n<a href=\"https:\/\/www.campingvalvertenberry.com\/de\/familiencampingplatz-la-chatre\/\"    class=\"wp-block-tiptip-hyperlink-group-block\" >\n<figure class=\"wp-block-image size-full is-resized\"><img decoding=\"async\" width=\"367\" height=\"318\" src=\"https:\/\/www.campingvalvertenberry.com\/wp-content\/uploads\/2025\/12\/grosse-fleur-jaune.svg\" alt=\"gro&#xDF;e gelbe Blume\" class=\"wp-image-143\" style=\"object-fit:contain;width:50px;height:50px\"\/><\/figure>\n\n<figure class=\"wp-block-image has-custom-border gt-maillage__image\"><img decoding=\"async\" src=\"https:\/\/www.campingvalvertenberry.com\/wp-content\/uploads\/2026\/03\/camping-avec-services-en-berry.jpg\" alt=\"campingplatz mit dienstleistungen in berry\" style=\"border-style:none;border-width:0px;border-top-left-radius:10px;border-top-right-radius:10px;border-bottom-left-radius:10px;border-bottom-right-radius:10px\"\/><\/figure>\n\n<p class=\"has-text-align-center has-custom-color-1-color has-text-color has-link-color has-unbounded-font-family wp-elements-6527d65a79d544105f2c7aa114e49b0c\" style=\"font-size:clamp(1.25rem, 1.25rem + ((1vw - 0.2rem) * 1.25), 2rem);line-height:1.1\">Services und Aktivit\u00e4ten<\/p>\n<\/a>\n<\/li><\/ul><\/div>\n<\/div>\n","protected":false},"excerpt":{"rendered":"<p>Eine Essenspause wohlverdient Restaurant &#8222;Le Val Verre&#8220; in La Ch\u00e2tre Selbst im Urlaub kann die Zubereitung von Mahlzeiten als l\u00e4stige Pflicht empfunden werden. Warum also nicht die F\u00fc\u00dfe unter den Tisch schieben und sich von unserem Men\u00fc verw\u00f6hnen lassen? ? Auf der Speisekarte des Restaurants in La Ch\u00e2tre: hausgemachte, famili\u00e4re und lokale K\u00fcche. Der Campingplatz [&hellip;]<\/p>\n","protected":false},"author":1,"featured_media":7423,"parent":0,"menu_order":0,"comment_status":"closed","ping_status":"closed","template":"","meta":{"_seopress_robots_primary_cat":"","_seopress_titles_title":"Restaurant in La Ch\u00e2tre | Speisekarte f\u00fcr das Restaurant \"Le Val Verre\".","_seopress_titles_desc":"Entdecken Sie die hausgemachte und lokale K\u00fcche in La Ch\u00e2tre: Terrasse, Kindermen\u00fc, saisonale Produkte. Jeden Abend au\u00dfer Dienstag und Sonntagmittag ge\u00f6ffnet. ","_seopress_robots_index":"","inline_featured_image":false,"gt_fse_maillage_image":"https:\/\/www.campingvalvertenberry.com\/wp-content\/uploads\/2026\/03\/camping-familial-avec-restairant-dans-le-berry.jpg","gt_fse_maillage_titre":"Das Restaurant","gt_fse_maillage_alt":"Automatischer Entwurf","gt_fse_maillage_resume":"","footnotes":""},"categories":[],"tags":[],"class_list":["post-7420","page","type-page","status-publish","has-post-thumbnail","hentry"],"publishpress_future_action":{"enabled":false,"date":"2026-04-24 09:30:52","action":"change-status","newStatus":"draft","terms":[],"taxonomy":"category","extraData":[]},"publishpress_future_workflow_manual_trigger":{"enabledWorkflows":[]},"_links":{"self":[{"href":"https:\/\/www.campingvalvertenberry.com\/de\/wp-json\/wp\/v2\/pages\/7420","targetHints":{"allow":["GET"]}}],"collection":[{"href":"https:\/\/www.campingvalvertenberry.com\/de\/wp-json\/wp\/v2\/pages"}],"about":[{"href":"https:\/\/www.campingvalvertenberry.com\/de\/wp-json\/wp\/v2\/types\/page"}],"author":[{"embeddable":true,"href":"https:\/\/www.campingvalvertenberry.com\/de\/wp-json\/wp\/v2\/users\/1"}],"replies":[{"embeddable":true,"href":"https:\/\/www.campingvalvertenberry.com\/de\/wp-json\/wp\/v2\/comments?post=7420"}],"version-history":[{"count":3,"href":"https:\/\/www.campingvalvertenberry.com\/de\/wp-json\/wp\/v2\/pages\/7420\/revisions"}],"predecessor-version":[{"id":7555,"href":"https:\/\/www.campingvalvertenberry.com\/de\/wp-json\/wp\/v2\/pages\/7420\/revisions\/7555"}],"wp:featuredmedia":[{"embeddable":true,"href":"https:\/\/www.campingvalvertenberry.com\/de\/wp-json\/wp\/v2\/media\/7423"}],"wp:attachment":[{"href":"https:\/\/www.campingvalvertenberry.com\/de\/wp-json\/wp\/v2\/media?parent=7420"}],"wp:term":[{"taxonomy":"category","embeddable":true,"href":"https:\/\/www.campingvalvertenberry.com\/de\/wp-json\/wp\/v2\/categories?post=7420"},{"taxonomy":"post_tag","embeddable":true,"href":"https:\/\/www.campingvalvertenberry.com\/de\/wp-json\/wp\/v2\/tags?post=7420"}],"curies":[{"name":"wp","href":"https:\/\/api.w.org\/{rel}","templated":true}]}}