{"id":7205,"date":"2026-03-16T16:44:09","date_gmt":"2026-03-16T15:44:09","guid":{"rendered":"https:\/\/www.campingvalvertenberry.com\/camping-groupe-la-chatre\/"},"modified":"2026-03-30T14:25:07","modified_gmt":"2026-03-30T12:25:07","slug":"gruppencamping-la-chatre","status":"publish","type":"page","link":"https:\/\/www.campingvalvertenberry.com\/de\/gruppencamping-la-chatre\/","title":{"rendered":"Empfang von Gruppen"},"content":{"rendered":"\n<div class=\"wp-block-group section-6 has-custom-color-3-background-color has-background has-global-padding is-layout-constrained wp-container-core-group-is-layout-20238047 wp-block-group-is-layout-constrained\" style=\"margin-top:0px;margin-bottom:0px;padding-top:8rem;padding-right:15rem;padding-bottom:8rem;padding-left:15rem\">\n<div class=\"wp-block-group gt-reverse-mobile is-nowrap is-layout-flex wp-container-core-group-is-layout-90b6bdf5 wp-block-group-is-layout-flex\">\n<div class=\"wp-block-group has-global-padding is-layout-constrained wp-container-core-group-is-layout-7c250ea7 wp-block-group-is-layout-constrained\" style=\"margin-top:0px;margin-bottom:0px;padding-top:0;padding-right:0px;padding-bottom:0;padding-left:0px\">\n<figure class=\"wp-block-image size-large icon-pagination-active\"><img decoding=\"async\" width=\"21\" height=\"18\" src=\"https:\/\/www.campingvalvertenberry.com\/wp-content\/uploads\/2025\/12\/icon-fleur-jaune-pagination.svg\" alt=\"icon gelbe Blume pagination\" class=\"wp-image-135\"\/><\/figure>\n\n\n\n<div class=\"wp-block-group arrow-slider-prev has-border-color has-global-padding is-layout-constrained wp-container-core-group-is-layout-97a11e02 wp-block-group-is-layout-constrained\" style=\"border-color:#ffffff;border-width:1px;border-top-left-radius:100px;border-bottom-left-radius:100px;margin-top:0px;margin-bottom:0px;padding-top:20px;padding-right:10px;padding-bottom:20px;padding-left:10px\">\n<figure class=\"wp-block-image size-large\"><img decoding=\"async\" width=\"41\" height=\"10\" src=\"https:\/\/www.campingvalvertenberry.com\/wp-content\/uploads\/2025\/12\/arrow-slider-prev-blanc.svg\" alt=\"arrow slider prev wei&#xDF;\" class=\"wp-image-117\"\/><\/figure>\n<\/div>\n\n\n\n<div class=\"wp-block-group arrow-slider-next has-border-color has-global-padding is-layout-constrained wp-container-core-group-is-layout-97a11e02 wp-block-group-is-layout-constrained\" style=\"border-color:#ffffff;border-width:1px;border-top-right-radius:100px;border-bottom-right-radius:100px;margin-top:0px;margin-bottom:0px;padding-top:20px;padding-right:10px;padding-bottom:20px;padding-left:10px\">\n<figure class=\"wp-block-image size-large\"><img decoding=\"async\" width=\"41\" height=\"10\" src=\"https:\/\/www.campingvalvertenberry.com\/wp-content\/uploads\/2025\/12\/arrow-slider-next-blanc.svg\" alt=\"arrow slider next wei&#xDF;\" class=\"wp-image-119\"\/><\/figure>\n<\/div>\n\n\n\n<div data-swiper=\"{&quot;speed&quot;:400,&quot;spaceBetween&quot;:0,&quot;slidesPerView&quot;:1,&quot;createElements&quot;:true,&quot;loop&quot;:true,&quot;freemode&quot;:true,&quot;navigation&quot;:{&quot;nextEl&quot;:&quot;.section-6 .arrow-slider-next&quot;,&quot;prevEl&quot;:&quot;.section-6 .arrow-slider-prev&quot;},&quot;pagination&quot;:{&quot;el&quot;:&quot;.swiper-pagination&quot;,&quot;dynamicBullets&quot;:true},&quot;breakpoints&quot;:[{&quot;slidesPerView&quot;:1}],&quot;autoplay&quot;:true}\" class=\"wp-block-group gt-is-slider gt-is-slider-desktop has-global-padding is-layout-constrained wp-container-core-group-is-layout-162f2a30 wp-block-group-is-layout-constrained\" style=\"margin-top:0px;margin-bottom:0px\">\n<div class=\"wp-block-group has-global-padding is-layout-constrained wp-container-core-group-is-layout-d6554d75 wp-block-group-is-layout-constrained\" style=\"margin-top:0px;margin-bottom:0px\">\n<div class=\"wp-block-cover\" style=\"border-top-left-radius:10px;border-top-right-radius:10px;border-bottom-left-radius:10px;border-bottom-right-radius:10px\"><img decoding=\"async\" width=\"1920\" height=\"900\" class=\"wp-block-cover__image-background wp-image-6860 size-full\" alt=\"camping groupe pr\u00e8s de chateauroux\" src=\"https:\/\/www.campingvalvertenberry.com\/wp-content\/uploads\/2026\/03\/camping-groupe-pres-de-chateauroux.jpg\" data-object-fit=\"cover\" srcset=\"https:\/\/www.campingvalvertenberry.com\/wp-content\/uploads\/2026\/03\/camping-groupe-pres-de-chateauroux.jpg 1920w, https:\/\/www.campingvalvertenberry.com\/wp-content\/uploads\/2026\/03\/camping-groupe-pres-de-chateauroux-300x141.jpg 300w, https:\/\/www.campingvalvertenberry.com\/wp-content\/uploads\/2026\/03\/camping-groupe-pres-de-chateauroux-1024x480.jpg 1024w, https:\/\/www.campingvalvertenberry.com\/wp-content\/uploads\/2026\/03\/camping-groupe-pres-de-chateauroux-768x360.jpg 768w, https:\/\/www.campingvalvertenberry.com\/wp-content\/uploads\/2026\/03\/camping-groupe-pres-de-chateauroux-1536x720.jpg 1536w\" sizes=\"(max-width: 1920px) 100vw, 1920px\" \/><span aria-hidden=\"true\" class=\"wp-block-cover__background has-background-dim-0 has-background-dim\"><\/span><div class=\"wp-block-cover__inner-container has-global-padding is-layout-constrained wp-block-cover-is-layout-constrained\">\n<p class=\"has-text-align-center has-large-font-size\"><\/p>\n<\/div><\/div>\n<\/div>\n\n\n\n<div class=\"wp-block-group has-global-padding is-layout-constrained wp-container-core-group-is-layout-d6554d75 wp-block-group-is-layout-constrained\" style=\"margin-top:0px;margin-bottom:0px\">\n<div class=\"wp-block-cover\" style=\"border-top-left-radius:10px;border-top-right-radius:10px;border-bottom-left-radius:10px;border-bottom-right-radius:10px\"><img decoding=\"async\" width=\"831\" height=\"569\" class=\"wp-block-cover__image-background wp-image-6864 size-full\" alt=\"salle anniversaire chateauroux\" src=\"https:\/\/www.campingvalvertenberry.com\/wp-content\/uploads\/2026\/03\/salle-anniversaire-chateauroux.jpg\" data-object-fit=\"cover\" srcset=\"https:\/\/www.campingvalvertenberry.com\/wp-content\/uploads\/2026\/03\/salle-anniversaire-chateauroux.jpg 831w, https:\/\/www.campingvalvertenberry.com\/wp-content\/uploads\/2026\/03\/salle-anniversaire-chateauroux-300x205.jpg 300w, https:\/\/www.campingvalvertenberry.com\/wp-content\/uploads\/2026\/03\/salle-anniversaire-chateauroux-768x526.jpg 768w\" sizes=\"(max-width: 831px) 100vw, 831px\" \/><span aria-hidden=\"true\" class=\"wp-block-cover__background has-background-dim-0 has-background-dim\"><\/span><div class=\"wp-block-cover__inner-container has-global-padding is-layout-constrained wp-block-cover-is-layout-constrained\">\n<p class=\"has-text-align-center has-large-font-size\"><\/p>\n<\/div><\/div>\n<\/div>\n\n\n\n<div class=\"wp-block-group has-global-padding is-layout-constrained wp-container-core-group-is-layout-d6554d75 wp-block-group-is-layout-constrained\" style=\"margin-top:0px;margin-bottom:0px\">\n<div class=\"wp-block-cover\" style=\"border-top-left-radius:10px;border-top-right-radius:10px;border-bottom-left-radius:10px;border-bottom-right-radius:10px\"><img decoding=\"async\" width=\"831\" height=\"569\" class=\"wp-block-cover__image-background wp-image-6861 size-full\" alt=\"evenement pres de chateauroux camping val vert en berry\" src=\"https:\/\/www.campingvalvertenberry.com\/wp-content\/uploads\/2026\/03\/evenement-pres-de-chateauroux-camping-val-vert-en-berry.jpg\" data-object-fit=\"cover\" srcset=\"https:\/\/www.campingvalvertenberry.com\/wp-content\/uploads\/2026\/03\/evenement-pres-de-chateauroux-camping-val-vert-en-berry.jpg 831w, https:\/\/www.campingvalvertenberry.com\/wp-content\/uploads\/2026\/03\/evenement-pres-de-chateauroux-camping-val-vert-en-berry-300x205.jpg 300w, https:\/\/www.campingvalvertenberry.com\/wp-content\/uploads\/2026\/03\/evenement-pres-de-chateauroux-camping-val-vert-en-berry-768x526.jpg 768w\" sizes=\"(max-width: 831px) 100vw, 831px\" \/><span aria-hidden=\"true\" class=\"wp-block-cover__background has-background-dim-0 has-background-dim\"><\/span><div class=\"wp-block-cover__inner-container has-global-padding is-layout-constrained wp-block-cover-is-layout-constrained\">\n<p class=\"has-text-align-center has-large-font-size\"><\/p>\n<\/div><\/div>\n<\/div>\n<\/div>\n<\/div>\n\n\n\n<div class=\"wp-block-group gt-reverse-mobile is-vertical is-layout-flex wp-container-core-group-is-layout-7857e36c wp-block-group-is-layout-flex\" style=\"padding-right:0px;padding-left:0px\">\n<div class=\"wp-block-group texte-deco has-global-padding is-content-justification-left is-layout-constrained wp-container-core-group-is-layout-d6fb7615 wp-block-group-is-layout-constrained\" style=\"margin-top:0px;margin-bottom:0px;padding-right:0px;padding-left:0px\">\n<p class=\"has-custom-color-1-color has-text-color has-link-color has-unbounded-font-family wp-elements-e9d05947ccdbfd59e3eebf78fa8e224a\" style=\"font-size:clamp(1.976rem, 1.976rem + ((1vw - 0.2rem) * 2.54), 3.5rem);font-style:normal;font-weight:700;line-height:1\">Ihr Empfangsort<\/p>\n\n\n\n<p class=\"has-text-align-left has-custom-color-1-color has-text-color has-link-color has-caveat-font-family wp-elements-056d67be84b87a13dbe61fbc2607ac37\" style=\"margin-top:0px;margin-bottom:0px;font-size:clamp(2.758rem, 2.758rem + ((1vw - 0.2rem) * 4.253), 5.31rem);font-style:normal;font-weight:500;line-height:0.7\">in der Gruppe<\/p>\n<\/div>\n\n\n\n<div class=\"wp-block-group content has-base-2-background-color has-background has-global-padding is-layout-constrained wp-container-core-group-is-layout-69f271cb wp-block-group-is-layout-constrained\" style=\"border-top-left-radius:10px;border-top-right-radius:10px;border-bottom-left-radius:10px;border-bottom-right-radius:10px;margin-top:0px;margin-bottom:0px;padding-top:40px;padding-right:40px;padding-bottom:40px;padding-left:40px\">\n<h1 class=\"wp-block-heading has-custom-color-1-color has-text-color has-link-color wp-elements-521494fd47a2e58b216df355b55bb2c7\">Idealer Campingplatz f\u00fcr Gruppen in der N\u00e4he von Ch\u00e2teauroux<\/h1>\n\n\n\n<p class=\"has-custom-color-1-color has-text-color\">Sie organisieren eine Gruppenveranstaltung und suchen einen gem\u00fctlichen Ort in Zentralfrankreich? Der <strong>4-Sterne-Campingplatz<\/strong> Val Vert en Berry im Departement Indre in der N\u00e4he von Ch\u00e2teauroux bietet Ihnen seine Infrastruktur und seine vielf\u00e4ltigen Unterk\u00fcnfte, damit Ihr Projekt ein Erfolg wird.   <\/p>\n\n\n\n<p class=\"has-custom-color-1-color has-text-color\">Ob <strong>Firmenseminar<\/strong>, <strong>Familientreffen<\/strong> oder <strong>eine Reise unter Liebhabern<\/strong>, wir passen unser Angebot an jede Art von Gruppe an.<\/p>\n<\/div>\n<\/div>\n<\/div>\n<\/div>\n\n<div class=\"wp-block-group section-4 has-global-padding is-layout-constrained wp-container-core-group-is-layout-07b29094 wp-block-group-is-layout-constrained\" style=\"margin-top:0px;margin-bottom:0px;padding-right:0px;padding-left:0px\">\n<div class=\"wp-block-group banner has-global-padding is-layout-constrained wp-container-core-group-is-layout-07b29094 wp-block-group-is-layout-constrained\" style=\"margin-top:0px;margin-bottom:0px;padding-right:0px;padding-left:0px\">\n<div class=\"wp-block-cover has-custom-content-position is-position-bottom-center\" style=\"margin-top:0px;margin-bottom:0px;padding-top:0px;padding-right:0px;padding-bottom:0px;padding-left:0px;min-height:90vh;aspect-ratio:unset;\"><img decoding=\"async\" width=\"1920\" height=\"500\" class=\"wp-block-cover__image-background wp-image-6868 size-full\" alt=\"groupe pres de chateauroux\" src=\"https:\/\/www.campingvalvertenberry.com\/wp-content\/uploads\/2026\/03\/groupe-pres-de-chateauroux-1.jpg\" data-object-fit=\"cover\" srcset=\"https:\/\/www.campingvalvertenberry.com\/wp-content\/uploads\/2026\/03\/groupe-pres-de-chateauroux-1.jpg 1920w, https:\/\/www.campingvalvertenberry.com\/wp-content\/uploads\/2026\/03\/groupe-pres-de-chateauroux-1-300x78.jpg 300w, https:\/\/www.campingvalvertenberry.com\/wp-content\/uploads\/2026\/03\/groupe-pres-de-chateauroux-1-1024x267.jpg 1024w, https:\/\/www.campingvalvertenberry.com\/wp-content\/uploads\/2026\/03\/groupe-pres-de-chateauroux-1-768x200.jpg 768w, https:\/\/www.campingvalvertenberry.com\/wp-content\/uploads\/2026\/03\/groupe-pres-de-chateauroux-1-1536x400.jpg 1536w\" sizes=\"(max-width: 1920px) 100vw, 1920px\" \/><span aria-hidden=\"true\" class=\"wp-block-cover__background has-background-dim wp-block-cover__gradient-background has-background-gradient\" style=\"background:linear-gradient(0deg,rgb(6,54,122) 0%,rgba(255,255,255,0) 30%)\"><\/span><div class=\"wp-block-cover__inner-container has-global-padding is-layout-constrained wp-container-core-cover-is-layout-8b154107 wp-block-cover-is-layout-constrained\">\n<p class=\"has-text-align-center has-large-font-size\"><\/p>\n<\/div><\/div>\n<\/div>\n\n\n\n<div class=\"wp-block-group content has-custom-color-1-background-color has-background has-global-padding is-layout-constrained wp-container-core-group-is-layout-81ce77fe wp-block-group-is-layout-constrained\" style=\"margin-top:0px;margin-bottom:0px;padding-top:5rem;padding-right:15rem;padding-bottom:6rem;padding-left:15rem\">\n<h2 class=\"wp-block-heading has-custom-color-2-color has-text-color has-link-color wp-elements-2f95bf4a9f559ab4f098ea9805f21149\">Familienfeier, Seminar oder \u00e4hnliches? W\u00e4hlen Sie unseren Campingplatz <\/h2>\n\n\n\n<p class=\"has-base-2-color has-text-color has-link-color wp-elements-743f5630c695d39040d77f8fbad4e6d0\">Haben Sie ein berufliches<strong> Seminar<\/strong> zu organisieren? Eine j\u00e4hrliche <strong>Cousinade <\/strong>geplant? Eine <strong>Gruppenreise <\/strong>f\u00fcr Radfahrer oder Wohnmobilisten in das Departement Indre? Nehmen Sie Kontakt mit uns auf! Der <a href=\"https:\/\/www.campingvalvertenberry.com\/de\/\" data-type=\"page\" data-id=\"5\">Campingplatz im Departement Indre<\/a> verf\u00fcgt \u00fcber einen <strong>sch\u00f6nen Mehrzwecksaal <\/strong>, der f\u00fcr verschiedene Zwecke genutzt werden kann. Wir k\u00f6nnen bis zu 30 Personen in einem <strong>klimatisierten Raum<\/strong> mit Lichtschacht und Schiebefenstern nach au\u00dfen empfangen.       <\/p>\n\n\n\n<p class=\"has-base-2-color has-text-color has-link-color wp-elements-c9e730728d46503c607e0147680bed4d\">Im Herzen Frankreichs gelegen,<strong> ist Val Vert en Berry nie weit von Ihnen, Ihren Kollegen und Ihren Lieben entfernt.<\/strong> Mit einer halben Stunde Fahrzeit von Ch\u00e2teauroux, einer Stunde von Bourges, 1h40 von Limoges, 2h von Clermont-Ferrand, 2h15 von Orl\u00e9ans und 3h30 von Paris sind die Entfernungen gering.<\/p>\n<\/div>\n<\/div>\n\n<div class=\"wp-block-group section-simple has-global-padding is-layout-constrained wp-container-core-group-is-layout-e8882e7b wp-block-group-is-layout-constrained\" style=\"margin-top:0px;margin-bottom:0px;padding-top:8rem;padding-right:15rem;padding-bottom:8rem;padding-left:15rem\">\n<div class=\"wp-block-columns are-vertically-aligned-top gt-reverse-mobile is-layout-flex wp-container-core-columns-is-layout-28f84493 wp-block-columns-is-layout-flex\">\n<div class=\"wp-block-column is-vertically-aligned-top is-layout-flow wp-block-column-is-layout-flow\">\n<div class=\"wp-block-group has-custom-color-3-background-color has-background has-global-padding is-layout-constrained wp-container-core-group-is-layout-178dc5e1 wp-block-group-is-layout-constrained\" style=\"border-top-left-radius:10px;border-top-right-radius:10px;border-bottom-left-radius:10px;border-bottom-right-radius:10px;padding-top:40px;padding-right:40px;padding-bottom:40px;padding-left:40px\">\n<h2 class=\"wp-block-heading has-custom-color-1-color has-text-color has-link-color wp-elements-216ff47b9c7bfdc78b1de33b70b3e628\">Unsere L\u00f6sungen f\u00fcr Gruppen im Departement Indre<\/h2>\n\n\n\n<p class=\"has-custom-color-1-color has-text-color\">Genie\u00dfen Sie den Komfort eines <a href=\"https:\/\/www.campingvalvertenberry.com\/de\/familiencampingplatz-la-chatre\/\" data-type=\"page\" data-id=\"6\">4-Sterne-Campingplatzes 30 Autominuten von Ch\u00e2teauroux entfernt<\/a>, der mit dem G\u00fctesiegel <strong>Camping Qualit\u00e9 ausgezeichnet ist <\/strong>und \u00fcber eine Mehrzweckhalle, 4 Glamping-H\u00fctten, 6 Premium Mobilheime, 2 Zelte und 58 Stellpl\u00e4tze verf\u00fcgt. Nach einem Tag voller Schulungen oder Brainstormings k\u00f6nnen Sie sich auf der Terrasse oder im Schwimmbad entspannen. <\/p>\n\n\n\n<div style=\"height:10px\" aria-hidden=\"true\" class=\"wp-block-spacer gt-hide-mobile\"><\/div>\n\n\n\n<p class=\"has-custom-color-1-color has-text-color\">Genie\u00dfen Sie dann eine frische Mahlzeit in einer angenehmen und freundlichen Umgebung. Warten Sie nicht l\u00e4nger und reservieren Sie Ihre Unterkunft f\u00fcr Ihre Veranstaltungen. Wir werden Ihnen die beste L\u00f6sung f\u00fcr Ihr Projekt anbieten.  <\/p>\n<\/div>\n<\/div>\n\n\n\n<div class=\"wp-block-column is-vertically-aligned-top is-layout-flow wp-block-column-is-layout-flow\">\n<figure class=\"wp-block-image size-full has-custom-border\"><img decoding=\"async\" width=\"1920\" height=\"900\" src=\"https:\/\/www.campingvalvertenberry.com\/wp-content\/uploads\/2026\/03\/location-pres-de-chateauroux-mobil-home.jpg\" alt=\"Vermietung in der N&#xE4;he von Chateauroux Mobilheim\" class=\"wp-image-6895\" style=\"border-top-left-radius:10px;border-top-right-radius:10px;border-bottom-left-radius:10px;border-bottom-right-radius:10px;aspect-ratio:16\/9;object-fit:cover\" srcset=\"https:\/\/www.campingvalvertenberry.com\/wp-content\/uploads\/2026\/03\/location-pres-de-chateauroux-mobil-home.jpg 1920w, https:\/\/www.campingvalvertenberry.com\/wp-content\/uploads\/2026\/03\/location-pres-de-chateauroux-mobil-home-300x141.jpg 300w, https:\/\/www.campingvalvertenberry.com\/wp-content\/uploads\/2026\/03\/location-pres-de-chateauroux-mobil-home-1024x480.jpg 1024w, https:\/\/www.campingvalvertenberry.com\/wp-content\/uploads\/2026\/03\/location-pres-de-chateauroux-mobil-home-768x360.jpg 768w, https:\/\/www.campingvalvertenberry.com\/wp-content\/uploads\/2026\/03\/location-pres-de-chateauroux-mobil-home-1536x720.jpg 1536w\" sizes=\"(max-width: 1920px) 100vw, 1920px\" \/><\/figure>\n<\/div>\n<\/div>\n<\/div>\n\n<div class=\"wp-block-group section-maillage has-custom-color-3-background-color has-background has-global-padding is-layout-constrained wp-container-core-group-is-layout-20238047 wp-block-group-is-layout-constrained\" style=\"margin-top:0px;margin-bottom:0px;padding-top:8rem;padding-right:15rem;padding-bottom:8rem;padding-left:15rem\">\n<div class=\"wp-block-group texte-deco is-layout-flow wp-block-group-is-layout-flow\">\n<p class=\"has-text-align-center has-custom-color-1-color has-text-color has-link-color has-unbounded-font-family wp-elements-e951b85560492fb3e3e45aa849a86fe2\" style=\"font-size:clamp(1.976rem, 1.976rem + ((1vw - 0.2rem) * 2.54), 3.5rem);font-style:normal;font-weight:700;line-height:1\">Entdecken Sie<\/p>\n\n\n\n<p class=\"has-text-align-center has-custom-color-1-color has-text-color has-link-color has-caveat-font-family wp-elements-24874117e606597404b231698cbd2149\" style=\"margin-top:0px;margin-bottom:0px;font-size:clamp(2.758rem, 2.758rem + ((1vw - 0.2rem) * 4.253), 5.31rem);font-style:normal;font-weight:500;line-height:0.7\">Vermietung, Stellpl\u00e4tze und Preise<\/p>\n<\/div>\n\n\n\n<div data-wp-context=\"{}\" data-wp-interactive=\"core\/query\" data-wp-key=\"0\" data-wp-router-region=\"query-0\" class=\"wp-block-query alignwide gt-fse-maillage-query is-layout-flow wp-block-query-is-layout-flow\"><ul class=\"columns-3 wp-block-post-template is-layout-grid wp-container-core-post-template-is-layout-6d3fbd8f wp-block-post-template-is-layout-grid\"><li data-wp-key=\"post-template-item-7219\" class=\"wp-block-post post-7219 page type-page status-publish has-post-thumbnail hentry\">\n<a href=\"https:\/\/www.campingvalvertenberry.com\/de\/la-chatre\/\"    class=\"wp-block-tiptip-hyperlink-group-block\" >\n<figure class=\"wp-block-image size-full is-resized\"><img decoding=\"async\" width=\"367\" height=\"318\" src=\"https:\/\/www.campingvalvertenberry.com\/wp-content\/uploads\/2025\/12\/grosse-fleur-jaune.svg\" alt=\"gro&#xDF;e gelbe Blume\" class=\"wp-image-143\" style=\"object-fit:contain;width:50px;height:50px\"\/><\/figure>\n\n<figure class=\"wp-block-image has-custom-border gt-maillage__image\"><img decoding=\"async\" src=\"https:\/\/www.campingvalvertenberry.com\/wp-content\/uploads\/2026\/03\/camping-avec-piscine-dans-lindre-pres-de-chateauroux.jpg\" alt=\"Das Schwimmbad\" style=\"border-style:none;border-width:0px;border-top-left-radius:10px;border-top-right-radius:10px;border-bottom-left-radius:10px;border-bottom-right-radius:10px\"\/><\/figure>\n\n<p class=\"has-text-align-center has-custom-color-1-color has-text-color has-link-color has-unbounded-font-family wp-elements-6527d65a79d544105f2c7aa114e49b0c\" style=\"font-size:clamp(1.25rem, 1.25rem + ((1vw - 0.2rem) * 1.25), 2rem);line-height:1.1\">Das Schwimmbad<\/p>\n<\/a>\n<\/li><li data-wp-key=\"post-template-item-7420\" class=\"wp-block-post post-7420 page type-page status-publish has-post-thumbnail hentry\">\n<a href=\"https:\/\/www.campingvalvertenberry.com\/de\/restaurant-imbiss-la-chatre\/\"    class=\"wp-block-tiptip-hyperlink-group-block\" >\n<figure class=\"wp-block-image size-full is-resized\"><img decoding=\"async\" width=\"367\" height=\"318\" src=\"https:\/\/www.campingvalvertenberry.com\/wp-content\/uploads\/2025\/12\/grosse-fleur-jaune.svg\" alt=\"gro&#xDF;e gelbe Blume\" class=\"wp-image-143\" style=\"object-fit:contain;width:50px;height:50px\"\/><\/figure>\n\n<figure class=\"wp-block-image has-custom-border gt-maillage__image\"><img decoding=\"async\" src=\"https:\/\/www.campingvalvertenberry.com\/wp-content\/uploads\/2026\/03\/camping-familial-avec-restairant-dans-le-berry.jpg\" alt=\"Automatischer Entwurf\" style=\"border-style:none;border-width:0px;border-top-left-radius:10px;border-top-right-radius:10px;border-bottom-left-radius:10px;border-bottom-right-radius:10px\"\/><\/figure>\n\n<p class=\"has-text-align-center has-custom-color-1-color has-text-color has-link-color has-unbounded-font-family wp-elements-6527d65a79d544105f2c7aa114e49b0c\" style=\"font-size:clamp(1.25rem, 1.25rem + ((1vw - 0.2rem) * 1.25), 2rem);line-height:1.1\">Das Restaurant<\/p>\n<\/a>\n<\/li><li data-wp-key=\"post-template-item-7297\" class=\"wp-block-post post-7297 page type-page status-publish has-post-thumbnail hentry\">\n<a href=\"https:\/\/www.campingvalvertenberry.com\/de\/fahrradfreundlicher-campingplatz-la-chatre\/\"    class=\"wp-block-tiptip-hyperlink-group-block\" >\n<figure class=\"wp-block-image size-full is-resized\"><img decoding=\"async\" width=\"367\" height=\"318\" src=\"https:\/\/www.campingvalvertenberry.com\/wp-content\/uploads\/2025\/12\/grosse-fleur-jaune.svg\" alt=\"gro&#xDF;e gelbe Blume\" class=\"wp-image-143\" style=\"object-fit:contain;width:50px;height:50px\"\/><\/figure>\n\n<figure class=\"wp-block-image has-custom-border gt-maillage__image\"><img decoding=\"async\" src=\"https:\/\/www.campingvalvertenberry.com\/wp-content\/uploads\/2026\/03\/camping-vel-vert-en-berry-randonnee-et-cysliste.jpg\" alt=\"Wanderer und Radfahrer\" style=\"border-style:none;border-width:0px;border-top-left-radius:10px;border-top-right-radius:10px;border-bottom-left-radius:10px;border-bottom-right-radius:10px\"\/><\/figure>\n\n<p class=\"has-text-align-center has-custom-color-1-color has-text-color has-link-color has-unbounded-font-family wp-elements-6527d65a79d544105f2c7aa114e49b0c\" style=\"font-size:clamp(1.25rem, 1.25rem + ((1vw - 0.2rem) * 1.25), 2rem);line-height:1.1\">Wanderer und Radfahrer<\/p>\n<\/a>\n<\/li><\/ul><\/div>\n<\/div>\n","protected":false},"excerpt":{"rendered":"<p>Ihr Empfangsort in der Gruppe Idealer Campingplatz f\u00fcr Gruppen in der N\u00e4he von Ch\u00e2teauroux Sie organisieren eine Gruppenveranstaltung und suchen einen gem\u00fctlichen Ort in Zentralfrankreich? Der 4-Sterne-Campingplatz Val Vert en Berry im Departement Indre in der N\u00e4he von Ch\u00e2teauroux bietet Ihnen seine Infrastruktur und seine vielf\u00e4ltigen Unterk\u00fcnfte, damit Ihr Projekt ein Erfolg wird. Ob Firmenseminar, [&hellip;]<\/p>\n","protected":false},"author":1,"featured_media":7208,"parent":0,"menu_order":0,"comment_status":"closed","ping_status":"closed","template":"","meta":{"_seopress_robots_primary_cat":"","_seopress_titles_title":"Camping Gruppe in der N\u00e4he von Ch\u00e2teauroux | Events Indre","_seopress_titles_desc":"Organisieren Sie Ihre Veranstaltungen in geselliger Runde auf dem Campingplatz Val Vert en Berry, einem 4-Sterne-Campingplatz 30 Minuten von Ch\u00e2teauroux im Departement Indre entfernt.","_seopress_robots_index":"","inline_featured_image":false,"gt_fse_maillage_image":"https:\/\/www.campingvalvertenberry.com\/wp-content\/uploads\/2026\/03\/camping-groupe-pres-de-chateauroux.jpg","gt_fse_maillage_titre":"Empfang von Gruppen","gt_fse_maillage_alt":"Empfang von Gruppen","gt_fse_maillage_resume":"","footnotes":""},"categories":[],"tags":[],"class_list":["post-7205","page","type-page","status-publish","has-post-thumbnail","hentry"],"publishpress_future_action":{"enabled":false,"date":"2026-04-24 09:30:31","action":"change-status","newStatus":"draft","terms":[],"taxonomy":"category","extraData":[]},"publishpress_future_workflow_manual_trigger":{"enabledWorkflows":[]},"_links":{"self":[{"href":"https:\/\/www.campingvalvertenberry.com\/de\/wp-json\/wp\/v2\/pages\/7205","targetHints":{"allow":["GET"]}}],"collection":[{"href":"https:\/\/www.campingvalvertenberry.com\/de\/wp-json\/wp\/v2\/pages"}],"about":[{"href":"https:\/\/www.campingvalvertenberry.com\/de\/wp-json\/wp\/v2\/types\/page"}],"author":[{"embeddable":true,"href":"https:\/\/www.campingvalvertenberry.com\/de\/wp-json\/wp\/v2\/users\/1"}],"replies":[{"embeddable":true,"href":"https:\/\/www.campingvalvertenberry.com\/de\/wp-json\/wp\/v2\/comments?post=7205"}],"version-history":[{"count":5,"href":"https:\/\/www.campingvalvertenberry.com\/de\/wp-json\/wp\/v2\/pages\/7205\/revisions"}],"predecessor-version":[{"id":7645,"href":"https:\/\/www.campingvalvertenberry.com\/de\/wp-json\/wp\/v2\/pages\/7205\/revisions\/7645"}],"wp:featuredmedia":[{"embeddable":true,"href":"https:\/\/www.campingvalvertenberry.com\/de\/wp-json\/wp\/v2\/media\/7208"}],"wp:attachment":[{"href":"https:\/\/www.campingvalvertenberry.com\/de\/wp-json\/wp\/v2\/media?parent=7205"}],"wp:term":[{"taxonomy":"category","embeddable":true,"href":"https:\/\/www.campingvalvertenberry.com\/de\/wp-json\/wp\/v2\/categories?post=7205"},{"taxonomy":"post_tag","embeddable":true,"href":"https:\/\/www.campingvalvertenberry.com\/de\/wp-json\/wp\/v2\/tags?post=7205"}],"curies":[{"name":"wp","href":"https:\/\/api.w.org\/{rel}","templated":true}]}}