{"id":5401,"date":"2026-01-13T21:32:53","date_gmt":"2026-01-13T20:32:53","guid":{"rendered":"https:\/\/www.campingvalvertenberry.com\/mentions-legales\/"},"modified":"2026-03-30T14:34:45","modified_gmt":"2026-03-30T12:34:45","slug":"impressum","status":"publish","type":"page","link":"https:\/\/www.campingvalvertenberry.com\/de\/impressum\/","title":{"rendered":"Impressum"},"content":{"rendered":"\n<div class=\"wp-block-group section-6 has-custom-color-3-background-color has-background has-global-padding is-layout-constrained wp-container-core-group-is-layout-de244258 wp-block-group-is-layout-constrained\" style=\"margin-top:0px;margin-bottom:0px;padding-top:4rem;padding-right:15rem;padding-bottom:8rem;padding-left:15rem\">\n<div class=\"wp-block-group content has-base-2-background-color has-background has-global-padding is-layout-constrained wp-container-core-group-is-layout-69f271cb wp-block-group-is-layout-constrained\" style=\"border-top-left-radius:10px;border-top-right-radius:10px;border-bottom-left-radius:10px;border-bottom-right-radius:10px;margin-top:0px;margin-bottom:0px;padding-top:40px;padding-right:40px;padding-bottom:40px;padding-left:40px\">\n<h1 class=\"wp-block-heading has-text-align-left has-custom-color-1-color has-text-color has-link-color has-x-large-font-size wp-elements-afb7c9833a8a31b66f4d46dee8d26953\">Impressum<\/h1>\n\n\n\n<h2 class=\"wp-block-heading\">Verantwortlich f\u00fcr die Website<\/h2>\n\n\n\n<p><strong>Verantwortlich f\u00fcr die Ver\u00f6ffentlichung<\/strong>: Daniel Taieb<br\/>Adresse: <strong>Camping Val Vert en Berry****<\/strong><br\/><strong>La Vicairerie &#8211; Route de Briantes<\/strong><br\/><strong>36400 LA CHATRE\/ LACS &#8211; FRANCE<\/strong><br\/>Telefon: <strong>+33 2 54 30 13 51<\/strong><br\/>Email: contact@campingvalvertenberry.com<br\/>SIRET: 80182180200015<br\/>Rechtsform: SAS, vereinfachte Aktiengesellschaft<br\/>Intracommunautaire TVA N\u00b0: FR54801821802<\/p>\n\n\n\n<h2 class=\"wp-block-heading\">Realisierung<\/h2>\n\n\n\n<p><strong>GEEK TONIC<\/strong> Vertreten durch Herrn Yohan Darmayan in seiner Eigenschaft als Gesch\u00e4ftsf\u00fchrer<br\/>Gesch\u00e4ftssitz: 16 chemin de Sabalce 64100 Bayonne<br\/>Tel.: <a href=\"https:\/\/www.google.com\/search?q=geek+tonic&amp;sxsrf=ALiCzsb97zG2dngu-WqfTOdPG_O6pmDSPQ%3A1665557722642&amp;ei=2mRGY-_0JorhlwS4vpuoCA&amp;ved=0ahUKEwjvyaSDjtr6AhWK8IUKHTjfBoUQ4dUDCA4&amp;uact=5&amp;oq=geek+tonic&amp;gs_lcp=Cgdnd3Mtd2l6EAMyBAgjECcyCgguEMcBEK8BECcyBggAEBYQHjIGCAAQFhAeMgIIJjoKCAAQRxDWBBCwAzoNCAAQ5AIQ1gQQsAMYAToICAAQFhAeEA86CAgAEBYQHhAKOgUIABCABDoLCC4QgAQQxwEQ0QM6CggAEIAEEIcCEBQ6CggAEIAEEAoQywFKBAhNGAFKBAhBGABKBAhGGAFQ4wtYgh1gkyBoAnABeACAAawBiAHRBJIBAzUuMZgBAKABAcgBDcABAdoBBggBEAEYCQ&amp;sclient=gws-wiz#\">+335 32 74 11 52<\/a><br\/>E-mail: <a href=\"mailto:support@geek-tonic.com\">support@geek-tonic.com<\/a><br\/>Website: <a href=\"https:\/\/www.geek-tonic.com\/\">www.geek-tonic.com<\/a><br\/>SIRET: 89746755100015<br\/>APE: 6201Z<\/p>\n\n\n\n<h2 class=\"wp-block-heading\">Urheberrecht und Copyright<\/h2>\n\n\n\n<p>Der gesamte Inhalt dieser Website unterliegt dem Urheberrecht sowie dem geistigen Eigentum der franz\u00f6sischen Gesetzgebung. Jede Vervielf\u00e4ltigung (einschlie\u00dflich Fotos, Icons und herunterladbarer Dokumente) ist ohne vorherige Zustimmung von GEEK TONIC untersagt. Die Vervielf\u00e4ltigung der gesamten oder eines Teils der Website in Papier- oder elektronischem Format auf einem elektronischen Datentr\u00e4ger ist verboten. GEEK TONIC \u00fcbernimmt keine Verantwortung f\u00fcr die Inhalte auf der Website. GEEK TONIC \u00fcbernimmt auch keine Verantwortung f\u00fcr externe Links, die auf diese Website verweisen.   <\/p>\n\n\n\n<h2 class=\"wp-block-heading\">Pers\u00f6nliche Daten und namentliche Informationen<\/h2>\n\n\n\n<p>Sie haben ein Recht auf Zugang, \u00c4nderung, Berichtigung und L\u00f6schung der Sie betreffenden Daten gem\u00e4\u00df Artikel 34 des Gesetzes &#8222;Informatique et Libert\u00e9s&#8220; Nr. 78-17 vom 6. Januar 1978, ge\u00e4ndert am 6. August 2018. Um dieses Zugangsrecht auszu\u00fcben, k\u00f6nnen Sie eine einfache schriftliche Anfrage an den Herausgeber der Website richten. <\/p>\n\n\n\n<h2 class=\"wp-block-heading\">Gesetzgebung<\/h2>\n\n\n\n<p>Gem\u00e4\u00df dem Gesetz vom 11. M\u00e4rz 1957 (Art. 41) und dem Gesetzbuch \u00fcber geistiges Eigentum vom 1. Juli 1992 ist es verboten, einen Teil der Website ohne vorherige Genehmigung des Herausgebers der Website teilweise oder vollst\u00e4ndig zu reproduzieren. Die Logos, Bilder, Fotos, Videos, Grafiken und Texte sind Eigentum ihrer jeweiligen Besitzer. Diese Website kann ohne sein Wissen mit anderen Websites \u00fcber Hypermedia-Links verbunden sein. Der Herausgeber der Website lehnt jede Verantwortung f\u00fcr die Informationen auf diesen anderen Websites ab. Der Internetnutzer erkennt an, dass die Nutzung dieser Website dem franz\u00f6sischen Recht unterliegt.    <\/p>\n\n\n\n<h2 class=\"wp-block-heading\">Schlichtung von Verbraucherrechtsstreitigkeiten<\/h2>\n\n\n\n<p>Gem\u00e4\u00df den Bestimmungen des Verbraucherschutzgesetzes \u00fcber das &#8222;Schlichtungsverfahren f\u00fcr Verbraucherangelegenheiten&#8220; hat der Kunde das Recht, kostenlos den vom <strong>Campingplatz Flower Val Vert en Berry<\/strong> angebotenen Schlichtungsdienst in Anspruch zu nehmen. Der Mediator f\u00fcr Verbraucherrecht, der auf diese Weise angeboten wird, ist CM2C. Diese Schlichtungsstelle kann erreicht werden \u00fcber: &#8211; elektronisch: www.cm2c.net; &#8211; oder auf dem Postweg: CM2C &#8211; Centre de m\u00e9diation et r\u00e8glement amiable des huissiers de justice &#8211; 14, Rue Saint-Jean, 75017 Paris.  <\/p>\n<\/div>\n<\/div>\n\n<p><\/p>\n","protected":false},"excerpt":{"rendered":"<p>Impressum Verantwortlich f\u00fcr die Website Verantwortlich f\u00fcr die Ver\u00f6ffentlichung: Daniel TaiebAdresse: Camping Val Vert en Berry****La Vicairerie &#8211; Route de Briantes36400 LA CHATRE\/ LACS &#8211; FRANCETelefon: +33 2 54 30 13 51Email: contact@campingvalvertenberry.comSIRET: 80182180200015Rechtsform: SAS, vereinfachte AktiengesellschaftIntracommunautaire TVA N\u00b0: FR54801821802 Realisierung GEEK TONIC Vertreten durch Herrn Yohan Darmayan in seiner Eigenschaft als Gesch\u00e4ftsf\u00fchrerGesch\u00e4ftssitz: 16 chemin [&hellip;]<\/p>\n","protected":false},"author":1,"featured_media":6972,"parent":0,"menu_order":0,"comment_status":"closed","ping_status":"closed","template":"","meta":{"_seopress_robots_primary_cat":"","_seopress_titles_title":"Impressum des Campingplatzes Val Vert en Berry","_seopress_titles_desc":"Besuchen Sie den Campingplatz Val Vert in Berry und genie\u00dfen Sie die einzigartige Umgebung. Buchen Sie jetzt Ihren Natururlaub! ","_seopress_robots_index":"yes","inline_featured_image":false,"gt_fse_maillage_image":"https:\/\/www.campingvalvertenberry.com\/wp-content\/uploads\/2026\/03\/camping-cycloboheme-etape.jpg","gt_fse_maillage_titre":"Impressum","gt_fse_maillage_alt":"camping cycloboheme etape","gt_fse_maillage_resume":"","footnotes":""},"categories":[],"tags":[],"class_list":["post-5401","page","type-page","status-publish","has-post-thumbnail","hentry"],"publishpress_future_action":{"enabled":false,"date":"2026-04-24 09:12:28","action":"change-status","newStatus":"draft","terms":[],"taxonomy":"category","extraData":[]},"publishpress_future_workflow_manual_trigger":{"enabledWorkflows":[]},"_links":{"self":[{"href":"https:\/\/www.campingvalvertenberry.com\/de\/wp-json\/wp\/v2\/pages\/5401","targetHints":{"allow":["GET"]}}],"collection":[{"href":"https:\/\/www.campingvalvertenberry.com\/de\/wp-json\/wp\/v2\/pages"}],"about":[{"href":"https:\/\/www.campingvalvertenberry.com\/de\/wp-json\/wp\/v2\/types\/page"}],"author":[{"embeddable":true,"href":"https:\/\/www.campingvalvertenberry.com\/de\/wp-json\/wp\/v2\/users\/1"}],"replies":[{"embeddable":true,"href":"https:\/\/www.campingvalvertenberry.com\/de\/wp-json\/wp\/v2\/comments?post=5401"}],"version-history":[{"count":7,"href":"https:\/\/www.campingvalvertenberry.com\/de\/wp-json\/wp\/v2\/pages\/5401\/revisions"}],"predecessor-version":[{"id":7659,"href":"https:\/\/www.campingvalvertenberry.com\/de\/wp-json\/wp\/v2\/pages\/5401\/revisions\/7659"}],"wp:featuredmedia":[{"embeddable":true,"href":"https:\/\/www.campingvalvertenberry.com\/de\/wp-json\/wp\/v2\/media\/6972"}],"wp:attachment":[{"href":"https:\/\/www.campingvalvertenberry.com\/de\/wp-json\/wp\/v2\/media?parent=5401"}],"wp:term":[{"taxonomy":"category","embeddable":true,"href":"https:\/\/www.campingvalvertenberry.com\/de\/wp-json\/wp\/v2\/categories?post=5401"},{"taxonomy":"post_tag","embeddable":true,"href":"https:\/\/www.campingvalvertenberry.com\/de\/wp-json\/wp\/v2\/tags?post=5401"}],"curies":[{"name":"wp","href":"https:\/\/api.w.org\/{rel}","templated":true}]}}